{"id":1121,"date":"2023-07-31T18:26:46","date_gmt":"2023-07-31T18:26:46","guid":{"rendered":"https:\/\/www.aseoservicios.com\/sitio\/?page_id=1121"},"modified":"2024-01-05T13:27:06","modified_gmt":"2024-01-05T13:27:06","slug":"cobertura","status":"publish","type":"page","link":"https:\/\/www.aseoservicios.com\/sitio\/cobertura\/","title":{"rendered":"Cobertura"},"content":{"rendered":"<p><section class=\"kc-elm kc-css-190365 kc_row\"><div class=\"kc-row-container  kc-container\"><div class=\"kc-wrap-columns\"><div class=\"kc-elm kc-css-822416 kc_col-sm-6 kc_column kc_col-sm-6\"><div class=\"kc-col-container\"><div class=\"kc-elm kc-css-577706 kc_shortcode kc_single_image\">\n\n        <img decoding=\"async\" src=\"https:\/\/www.aseoservicios.com\/sitio\/wp-content\/uploads\/2023\/12\/testimonio_1_Mesa-de-trabajo-1-scaled.jpg\" class=\"\" alt=\"\" \/>    <\/div>\n<\/div><\/div><div class=\"kc-elm kc-css-837227 kc_col-sm-6 kc_column kc_col-sm-6\"><div class=\"kc-col-container\">\n<div class=\"kc-elm kc-css-16960 kc-title-wrap \">\n\n\t<h2 class=\"kc_title\">Nuestra cobertura<\/h2>\n<\/div>\n<div class=\"kc-elm kc-css-249993 kc_text_block\"><\/p>\n<p>Descubre nuestra extensa cobertura que abarca m\u00e1s de 250 municipios en toda Colombia. En Aseoservicios, llegamos a cada rinc\u00f3n del pa\u00eds, brindando soluciones integrales en aseo, cafeter\u00eda, jardiner\u00eda, salvamentos acu\u00e1ticos, mantenimiento general, entre otros.<\/p>\n<p>Nuestra presencia se extiende para garantizar que tu empresa, instituci\u00f3n o espacio cuente con el respaldo de nuestros servicios especializados, est\u00e9s donde est\u00e9s.<\/p>\n<p>\n<\/div><\/div><\/div><\/div><\/div><\/section><section data-kc-fullwidth=\"row\" class=\"kc-elm kc-css-325699 kc_row\"><div class=\"kc-row-container  kc-container\"><div class=\"kc-wrap-columns\"><div class=\"kc-elm kc-css-893596 kc_col-sm-12 kc_column kc_col-sm-12\"><div class=\"kc-col-container\"><div class=\"kc-elm kc-css-814861\" style=\"height: 30px; clear: both; width:100%;\"><\/div><div class=\"kc-elm kc-css-493305 kc_google_maps kc_shortcode\"><div style=\"height: 500px\" class=\"kc-google-maps\"><iframe loading=\"lazy\" src=\"https:\/\/www.google.com\/maps\/d\/embed?mid=1sCdqgJq3K-00Ix2VlQOGR37byrZikDc&hl=es-419&ehbc=2E312F\" width=\"100%\" height=\"500\" frameborder=\"0\" style=\"border:0\" allowfullscreen><\/iframe><\/div><\/div><div class=\"kc-elm kc-css-353186\" style=\"height: 30px; clear: both; width:100%;\"><\/div><\/div><\/div><\/div><\/div><\/section><section data-kc-fullwidth=\"row\" class=\"kc-elm kc-css-408714 kc_row\"><div class=\"kc-row-container  kc-container\"><div class=\"kc-wrap-columns\"><div class=\"kc-elm kc-css-150247 kc_col-sm-12 kc_column kc_col-sm-12\"><div class=\"kc-col-container\"><div class=\"kc-elm kc-css-44719 kc_row kc_row_inner\"><div class=\"kc-elm kc-css-674557 kc_col-sm-8 kc_column_inner kc_col-sm-8\"><div class=\"kc_wrapper kc-col-inner-container\">\n<div class=\"kc-elm kc-css-780174 kc-title-wrap \">\n\n\t<h2 class=\"kc_title\">\r\n\u00bfNecesitas asesoramiento inmediato?<\/h2>\n<\/div>\n<div class=\"kc-elm kc-css-775197 kc_text_block\"><\/p>\n<p>\u00a1Haz clic en \u00abM\u00e1s Informaci\u00f3n\u00bb y comun\u00edcate con nosotros al instante!<\/p>\n<p>Estamos aqu\u00ed para resolver todas tus consultas y ofrecerte soluciones personalizadas.<\/p>\n<p>\n<\/div><\/div><\/div><div class=\"kc-elm kc-css-629685 kc_col-sm-4 kc_column_inner kc_col-sm-4\"><div class=\"kc_wrapper kc-col-inner-container\">\n<div class=\"kc-elm kc-css-939340\">\n\t<a class=\"kc_button\" href=\"#\" onclick=\"\">\n\t\tM\u00e1s informaci\u00f3n\t<\/a>\n<\/div>\n<\/div><\/div><\/div><\/div><\/div><\/div><\/div><\/section><\/p>\n","protected":false},"excerpt":{"rendered":"","protected":false},"author":1,"featured_media":0,"parent":0,"menu_order":0,"comment_status":"closed","ping_status":"closed","template":"","meta":{"footnotes":""},"class_list":["post-1121","page","type-page","status-publish","hentry"],"yoast_head":"<!-- This site is optimized with the Yoast SEO plugin v27.4 - https:\/\/yoast.com\/product\/yoast-seo-wordpress\/ -->\n<title>Cobertura - AseoServicios<\/title>\n<meta name=\"robots\" content=\"index, follow, max-snippet:-1, max-image-preview:large, max-video-preview:-1\" \/>\n<link rel=\"canonical\" href=\"https:\/\/www.aseoservicios.com\/sitio\/cobertura\/\" \/>\n<meta property=\"og:locale\" content=\"es_ES\" \/>\n<meta property=\"og:type\" content=\"article\" \/>\n<meta property=\"og:title\" content=\"Cobertura - AseoServicios\" \/>\n<meta property=\"og:description\" content=\"Nuestra cobertura Descubre nuestra extensa cobertura que abarca m\u00e1s de 250 municipios en toda Colombia. En Aseoservicios, llegamos a cada rinc\u00f3n del pa\u00eds, brindando soluciones integrales en aseo, cafeter\u00eda, jardiner\u00eda, salvamentos acu\u00e1ticos, mantenimiento general, entre otros. Nuestra presencia se extiende para garantizar que tu empresa, instituci\u00f3n o espacio cuente con el respaldo de nuestros servicios [&hellip;]\" \/>\n<meta property=\"og:url\" content=\"https:\/\/www.aseoservicios.com\/sitio\/cobertura\/\" \/>\n<meta property=\"og:site_name\" content=\"AseoServicios\" \/>\n<meta property=\"article:publisher\" content=\"https:\/\/www.facebook.com\/osyacolombia\" \/>\n<meta property=\"article:modified_time\" content=\"2024-01-05T13:27:06+00:00\" \/>\n<meta property=\"og:image\" content=\"https:\/\/www.aseoservicios.com\/sitio\/wp-content\/uploads\/2023\/12\/testimonio_1_Mesa-de-trabajo-1-scaled.jpg\" \/>\n<meta name=\"twitter:card\" content=\"summary_large_image\" \/>\n<meta name=\"twitter:label1\" content=\"Tiempo de lectura\" \/>\n\t<meta name=\"twitter:data1\" content=\"1 minuto\" \/>\n<script type=\"application\/ld+json\" class=\"yoast-schema-graph\">{\"@context\":\"https:\\\/\\\/schema.org\",\"@graph\":[{\"@type\":\"WebPage\",\"@id\":\"https:\\\/\\\/www.aseoservicios.com\\\/sitio\\\/cobertura\\\/\",\"url\":\"https:\\\/\\\/www.aseoservicios.com\\\/sitio\\\/cobertura\\\/\",\"name\":\"Cobertura - AseoServicios\",\"isPartOf\":{\"@id\":\"https:\\\/\\\/www.aseoservicios.com\\\/sitio\\\/#website\"},\"primaryImageOfPage\":{\"@id\":\"https:\\\/\\\/www.aseoservicios.com\\\/sitio\\\/cobertura\\\/#primaryimage\"},\"image\":{\"@id\":\"https:\\\/\\\/www.aseoservicios.com\\\/sitio\\\/cobertura\\\/#primaryimage\"},\"thumbnailUrl\":\"https:\\\/\\\/www.aseoservicios.com\\\/sitio\\\/wp-content\\\/uploads\\\/2023\\\/12\\\/testimonio_1_Mesa-de-trabajo-1-scaled.jpg\",\"datePublished\":\"2023-07-31T18:26:46+00:00\",\"dateModified\":\"2024-01-05T13:27:06+00:00\",\"breadcrumb\":{\"@id\":\"https:\\\/\\\/www.aseoservicios.com\\\/sitio\\\/cobertura\\\/#breadcrumb\"},\"inLanguage\":\"es\",\"potentialAction\":[{\"@type\":\"ReadAction\",\"target\":[\"https:\\\/\\\/www.aseoservicios.com\\\/sitio\\\/cobertura\\\/\"]}]},{\"@type\":\"ImageObject\",\"inLanguage\":\"es\",\"@id\":\"https:\\\/\\\/www.aseoservicios.com\\\/sitio\\\/cobertura\\\/#primaryimage\",\"url\":\"https:\\\/\\\/www.aseoservicios.com\\\/sitio\\\/wp-content\\\/uploads\\\/2023\\\/12\\\/testimonio_1_Mesa-de-trabajo-1-scaled.jpg\",\"contentUrl\":\"https:\\\/\\\/www.aseoservicios.com\\\/sitio\\\/wp-content\\\/uploads\\\/2023\\\/12\\\/testimonio_1_Mesa-de-trabajo-1-scaled.jpg\",\"width\":2560,\"height\":1440,\"caption\":\"Mujer trabajadora de Aseoservicios en sus labores diarias\"},{\"@type\":\"BreadcrumbList\",\"@id\":\"https:\\\/\\\/www.aseoservicios.com\\\/sitio\\\/cobertura\\\/#breadcrumb\",\"itemListElement\":[{\"@type\":\"ListItem\",\"position\":1,\"name\":\"Portada\",\"item\":\"https:\\\/\\\/www.aseoservicios.com\\\/sitio\\\/\"},{\"@type\":\"ListItem\",\"position\":2,\"name\":\"Cobertura\"}]},{\"@type\":\"WebSite\",\"@id\":\"https:\\\/\\\/www.aseoservicios.com\\\/sitio\\\/#website\",\"url\":\"https:\\\/\\\/www.aseoservicios.com\\\/sitio\\\/\",\"name\":\"AseoServicios\",\"description\":\"Por nuestra experiencia y solidez econ&oacute;mica somos el aliado que su empresa necesita\",\"publisher\":{\"@id\":\"https:\\\/\\\/www.aseoservicios.com\\\/sitio\\\/#organization\"},\"potentialAction\":[{\"@type\":\"SearchAction\",\"target\":{\"@type\":\"EntryPoint\",\"urlTemplate\":\"https:\\\/\\\/www.aseoservicios.com\\\/sitio\\\/?s={search_term_string}\"},\"query-input\":{\"@type\":\"PropertyValueSpecification\",\"valueRequired\":true,\"valueName\":\"search_term_string\"}}],\"inLanguage\":\"es\"},{\"@type\":\"Organization\",\"@id\":\"https:\\\/\\\/www.aseoservicios.com\\\/sitio\\\/#organization\",\"name\":\"AseoServicios\",\"url\":\"https:\\\/\\\/www.aseoservicios.com\\\/sitio\\\/\",\"logo\":{\"@type\":\"ImageObject\",\"inLanguage\":\"es\",\"@id\":\"https:\\\/\\\/www.aseoservicios.com\\\/sitio\\\/#\\\/schema\\\/logo\\\/image\\\/\",\"url\":\"https:\\\/\\\/www.aseoservicios.com\\\/sitio\\\/wp-content\\\/uploads\\\/2023\\\/12\\\/cropped-logo-aseo-servicios-v2-1.png\",\"contentUrl\":\"https:\\\/\\\/www.aseoservicios.com\\\/sitio\\\/wp-content\\\/uploads\\\/2023\\\/12\\\/cropped-logo-aseo-servicios-v2-1.png\",\"width\":240,\"height\":73,\"caption\":\"AseoServicios\"},\"image\":{\"@id\":\"https:\\\/\\\/www.aseoservicios.com\\\/sitio\\\/#\\\/schema\\\/logo\\\/image\\\/\"},\"sameAs\":[\"https:\\\/\\\/www.facebook.com\\\/osyacolombia\",\"https:\\\/\\\/www.instagram.com\\\/osya.sas\\\/\",\"https:\\\/\\\/www.linkedin.com\\\/company\\\/37299504\\\/admin\\\/feed\\\/posts\\\/\"]}]}<\/script>\n<!-- \/ Yoast SEO plugin. -->","yoast_head_json":{"title":"Cobertura - AseoServicios","robots":{"index":"index","follow":"follow","max-snippet":"max-snippet:-1","max-image-preview":"max-image-preview:large","max-video-preview":"max-video-preview:-1"},"canonical":"https:\/\/www.aseoservicios.com\/sitio\/cobertura\/","og_locale":"es_ES","og_type":"article","og_title":"Cobertura - AseoServicios","og_description":"Nuestra cobertura Descubre nuestra extensa cobertura que abarca m\u00e1s de 250 municipios en toda Colombia. En Aseoservicios, llegamos a cada rinc\u00f3n del pa\u00eds, brindando soluciones integrales en aseo, cafeter\u00eda, jardiner\u00eda, salvamentos acu\u00e1ticos, mantenimiento general, entre otros. Nuestra presencia se extiende para garantizar que tu empresa, instituci\u00f3n o espacio cuente con el respaldo de nuestros servicios [&hellip;]","og_url":"https:\/\/www.aseoservicios.com\/sitio\/cobertura\/","og_site_name":"AseoServicios","article_publisher":"https:\/\/www.facebook.com\/osyacolombia","article_modified_time":"2024-01-05T13:27:06+00:00","og_image":[{"url":"https:\/\/www.aseoservicios.com\/sitio\/wp-content\/uploads\/2023\/12\/testimonio_1_Mesa-de-trabajo-1-scaled.jpg","type":"","width":"","height":""}],"twitter_card":"summary_large_image","twitter_misc":{"Tiempo de lectura":"1 minuto"},"schema":{"@context":"https:\/\/schema.org","@graph":[{"@type":"WebPage","@id":"https:\/\/www.aseoservicios.com\/sitio\/cobertura\/","url":"https:\/\/www.aseoservicios.com\/sitio\/cobertura\/","name":"Cobertura - AseoServicios","isPartOf":{"@id":"https:\/\/www.aseoservicios.com\/sitio\/#website"},"primaryImageOfPage":{"@id":"https:\/\/www.aseoservicios.com\/sitio\/cobertura\/#primaryimage"},"image":{"@id":"https:\/\/www.aseoservicios.com\/sitio\/cobertura\/#primaryimage"},"thumbnailUrl":"https:\/\/www.aseoservicios.com\/sitio\/wp-content\/uploads\/2023\/12\/testimonio_1_Mesa-de-trabajo-1-scaled.jpg","datePublished":"2023-07-31T18:26:46+00:00","dateModified":"2024-01-05T13:27:06+00:00","breadcrumb":{"@id":"https:\/\/www.aseoservicios.com\/sitio\/cobertura\/#breadcrumb"},"inLanguage":"es","potentialAction":[{"@type":"ReadAction","target":["https:\/\/www.aseoservicios.com\/sitio\/cobertura\/"]}]},{"@type":"ImageObject","inLanguage":"es","@id":"https:\/\/www.aseoservicios.com\/sitio\/cobertura\/#primaryimage","url":"https:\/\/www.aseoservicios.com\/sitio\/wp-content\/uploads\/2023\/12\/testimonio_1_Mesa-de-trabajo-1-scaled.jpg","contentUrl":"https:\/\/www.aseoservicios.com\/sitio\/wp-content\/uploads\/2023\/12\/testimonio_1_Mesa-de-trabajo-1-scaled.jpg","width":2560,"height":1440,"caption":"Mujer trabajadora de Aseoservicios en sus labores diarias"},{"@type":"BreadcrumbList","@id":"https:\/\/www.aseoservicios.com\/sitio\/cobertura\/#breadcrumb","itemListElement":[{"@type":"ListItem","position":1,"name":"Portada","item":"https:\/\/www.aseoservicios.com\/sitio\/"},{"@type":"ListItem","position":2,"name":"Cobertura"}]},{"@type":"WebSite","@id":"https:\/\/www.aseoservicios.com\/sitio\/#website","url":"https:\/\/www.aseoservicios.com\/sitio\/","name":"AseoServicios","description":"Por nuestra experiencia y solidez econ&oacute;mica somos el aliado que su empresa necesita","publisher":{"@id":"https:\/\/www.aseoservicios.com\/sitio\/#organization"},"potentialAction":[{"@type":"SearchAction","target":{"@type":"EntryPoint","urlTemplate":"https:\/\/www.aseoservicios.com\/sitio\/?s={search_term_string}"},"query-input":{"@type":"PropertyValueSpecification","valueRequired":true,"valueName":"search_term_string"}}],"inLanguage":"es"},{"@type":"Organization","@id":"https:\/\/www.aseoservicios.com\/sitio\/#organization","name":"AseoServicios","url":"https:\/\/www.aseoservicios.com\/sitio\/","logo":{"@type":"ImageObject","inLanguage":"es","@id":"https:\/\/www.aseoservicios.com\/sitio\/#\/schema\/logo\/image\/","url":"https:\/\/www.aseoservicios.com\/sitio\/wp-content\/uploads\/2023\/12\/cropped-logo-aseo-servicios-v2-1.png","contentUrl":"https:\/\/www.aseoservicios.com\/sitio\/wp-content\/uploads\/2023\/12\/cropped-logo-aseo-servicios-v2-1.png","width":240,"height":73,"caption":"AseoServicios"},"image":{"@id":"https:\/\/www.aseoservicios.com\/sitio\/#\/schema\/logo\/image\/"},"sameAs":["https:\/\/www.facebook.com\/osyacolombia","https:\/\/www.instagram.com\/osya.sas\/","https:\/\/www.linkedin.com\/company\/37299504\/admin\/feed\/posts\/"]}]}},"_links":{"self":[{"href":"https:\/\/www.aseoservicios.com\/sitio\/wp-json\/wp\/v2\/pages\/1121","targetHints":{"allow":["GET"]}}],"collection":[{"href":"https:\/\/www.aseoservicios.com\/sitio\/wp-json\/wp\/v2\/pages"}],"about":[{"href":"https:\/\/www.aseoservicios.com\/sitio\/wp-json\/wp\/v2\/types\/page"}],"author":[{"embeddable":true,"href":"https:\/\/www.aseoservicios.com\/sitio\/wp-json\/wp\/v2\/users\/1"}],"replies":[{"embeddable":true,"href":"https:\/\/www.aseoservicios.com\/sitio\/wp-json\/wp\/v2\/comments?post=1121"}],"version-history":[{"count":7,"href":"https:\/\/www.aseoservicios.com\/sitio\/wp-json\/wp\/v2\/pages\/1121\/revisions"}],"predecessor-version":[{"id":1774,"href":"https:\/\/www.aseoservicios.com\/sitio\/wp-json\/wp\/v2\/pages\/1121\/revisions\/1774"}],"wp:attachment":[{"href":"https:\/\/www.aseoservicios.com\/sitio\/wp-json\/wp\/v2\/media?parent=1121"}],"curies":[{"name":"wp","href":"https:\/\/api.w.org\/{rel}","templated":true}]}}