{"id":1189,"date":"2023-08-01T13:51:38","date_gmt":"2023-08-01T13:51:38","guid":{"rendered":"https:\/\/www.aseoservicios.com\/sitio\/?page_id=1189"},"modified":"2023-08-15T13:34:52","modified_gmt":"2023-08-15T13:34:52","slug":"politicas-corporativas","status":"publish","type":"page","link":"https:\/\/www.aseoservicios.com\/sitio\/politicas-corporativas\/","title":{"rendered":"Politicas corporativas"},"content":{"rendered":"<p><section class=\"kc-elm kc_row\"><div class=\"kc-row-container  kc-container\"><div class=\"kc-wrap-columns\"><div class=\"kc-elm kc-css-389519 kc_col-sm-12 kc_column kc_col-sm-12\"><div class=\"kc-col-container\">\n<div class=\"kc-elm kc-css-827918 kc-title-wrap \">\n\n\t<h1 class=\"kc_title\">Pol\u00edticas corporativas<\/h1>\n<\/div>\n<\/div><\/div><\/div><\/div><\/section><section class=\"kc-elm kc_row\"><div class=\"kc-row-container  kc-container\"><div class=\"kc-wrap-columns\"><div class=\"kc-elm kc-css-441544 kc_col-sm-12 kc_column kc_col-sm-12\"><div class=\"kc-col-container\"><div class=\"kc-elm kc-css-815785 kc_accordion_wrapper\">\n<div class=\"kc-elm kc-css-96537 kc_accordion_section group \"><h3 class=\"kc_accordion_header ui-accordion-header\"><span class=\"ui-accordion-header-icon ui-icon\"><\/span><a href=\"#politica-sistema-integrado-de-gestion\" data-prevent=\"scroll\"><i class=\"fa-sync\"><\/i> Pol\u00edtica sistema integrado de gesti\u00f3n<\/a><\/h3><div class=\"kc_accordion_content ui-accordion-content kc_clearfix\"><div class=\"kc-panel-body\">\n<div class=\"kc-elm kc-css-81213\">\n\t<a class=\"kc_button\" href=\"https:\/\/www.aseoservicios.com\/sitio\/wp-content\/uploads\/2024\/01\/K_050_politica_sistema_integrado_gestion.pdf\" target=\"_self\" title=\"\" onclick=\"\">\n\t\t<i class=\"fa-file-pdf\"><\/i> Pol\u00edtica sistema integrado de gesti\u00f3n\t<\/a>\n<\/div>\n<\/div><\/div><\/div><div class=\"kc-elm kc-css-511597 kc_accordion_section group \"><h3 class=\"kc_accordion_header ui-accordion-header\"><span class=\"ui-accordion-header-icon ui-icon\"><\/span><a href=\"#politica-de-seguridad-vial\" data-prevent=\"scroll\"><i class=\"fa-road\"><\/i> Pol\u00edtica de seguridad vial<\/a><\/h3><div class=\"kc_accordion_content ui-accordion-content kc_clearfix\"><div class=\"kc-panel-body\">\n<div class=\"kc-elm kc-css-129305\">\n\t<a class=\"kc_button\" href=\"https:\/\/www.aseoservicios.com\/sitio\/wp-content\/uploads\/2024\/01\/K_058_politica_de_seguridad_vial.pdf\" target=\"_self\" title=\"\" onclick=\"\">\n\t\t<i class=\"fa-file-pdf\"><\/i> Pol\u00edtica de seguridad vial\t<\/a>\n<\/div>\n<\/div><\/div><\/div><div class=\"kc-elm kc-css-713915 kc_accordion_section group \"><h3 class=\"kc_accordion_header ui-accordion-header\"><span class=\"ui-accordion-header-icon ui-icon\"><\/span><a href=\"#politica-prevencion-de-consumo-de-drogas-y-alcohol\" data-prevent=\"scroll\"><i class=\"fa-beer\"><\/i> Pol\u00edtica prevenci\u00f3n de consumo de drogas y alcohol<\/a><\/h3><div class=\"kc_accordion_content ui-accordion-content kc_clearfix\"><div class=\"kc-panel-body\">\n<div class=\"kc-elm kc-css-569306\">\n\t<a class=\"kc_button\" href=\"https:\/\/www.aseoservicios.com\/sitio\/wp-content\/uploads\/2024\/01\/K_049_politica_prevencion_consumo_drogas_alcohol.pdf\" target=\"_self\" title=\"\" onclick=\"\">\n\t\t<i class=\"fa-file-pdf\"><\/i> Pol\u00edtica prevenci\u00f3n de consumo de drogas y alcohol\t<\/a>\n<\/div>\n<\/div><\/div><\/div><div class=\"kc-elm kc-css-139185 kc_accordion_section group \"><h3 class=\"kc_accordion_header ui-accordion-header\"><span class=\"ui-accordion-header-icon ui-icon\"><\/span><a href=\"#politica-de-acompanamiento-para-trabajadores-en-condicion-y-o-situacion-de-discapacidad\" data-prevent=\"scroll\"><i class=\"fab-accessible-icon\"><\/i> Pol\u00edtica de acompa\u00f1amiento para trabajadores en condici\u00f3n y\/o situaci\u00f3n de discapacidad<\/a><\/h3><div class=\"kc_accordion_content ui-accordion-content kc_clearfix\"><div class=\"kc-panel-body\">\n<div class=\"kc-elm kc-css-678417\">\n\t<a class=\"kc_button\" href=\"https:\/\/www.aseoservicios.com\/sitio\/wp-content\/uploads\/2024\/01\/K_045_politica_acompanamiento_trabajador_discapacidad.pdf\" target=\"_self\" title=\"\" onclick=\"\">\n\t\t<i class=\"fa-file-pdf\"><\/i> Pol\u00edtica de acompa\u00f1amiento para trabajadores en condici\u00f3n y\/o situaci\u00f3n de discapacidad\t<\/a>\n<\/div>\n<\/div><\/div><\/div><\/div>\n<\/div><\/div><\/div><\/div><\/section><\/p>\n","protected":false},"excerpt":{"rendered":"","protected":false},"author":1,"featured_media":0,"parent":0,"menu_order":0,"comment_status":"closed","ping_status":"closed","template":"","meta":{"footnotes":""},"class_list":["post-1189","page","type-page","status-publish","hentry"],"yoast_head":"<!-- This site is optimized with the Yoast SEO plugin v27.6 - https:\/\/yoast.com\/product\/yoast-seo-wordpress\/ -->\n<title>Politicas corporativas - AseoServicios<\/title>\n<meta name=\"robots\" content=\"index, follow, max-snippet:-1, max-image-preview:large, max-video-preview:-1\" \/>\n<link rel=\"canonical\" href=\"https:\/\/www.aseoservicios.com\/sitio\/politicas-corporativas\/\" \/>\n<meta property=\"og:locale\" content=\"es_ES\" \/>\n<meta property=\"og:type\" content=\"article\" \/>\n<meta property=\"og:title\" content=\"Politicas corporativas - AseoServicios\" \/>\n<meta property=\"og:description\" content=\"Pol\u00edticas corporativas Pol\u00edtica sistema integrado de gesti\u00f3n Pol\u00edtica sistema integrado de gesti\u00f3n Pol\u00edtica de seguridad vial Pol\u00edtica de seguridad vial Pol\u00edtica prevenci\u00f3n de consumo de drogas y alcohol Pol\u00edtica prevenci\u00f3n de consumo de drogas y alcohol Pol\u00edtica de acompa\u00f1amiento para trabajadores en condici\u00f3n y\/o situaci\u00f3n de discapacidad Pol\u00edtica de acompa\u00f1amiento para trabajadores en condici\u00f3n y\/o [&hellip;]\" \/>\n<meta property=\"og:url\" content=\"https:\/\/www.aseoservicios.com\/sitio\/politicas-corporativas\/\" \/>\n<meta property=\"og:site_name\" content=\"AseoServicios\" \/>\n<meta property=\"article:publisher\" content=\"https:\/\/www.facebook.com\/osyacolombia\" \/>\n<meta property=\"article:modified_time\" content=\"2023-08-15T13:34:52+00:00\" \/>\n<meta name=\"twitter:card\" content=\"summary_large_image\" \/>\n<script type=\"application\/ld+json\" class=\"yoast-schema-graph\">{\"@context\":\"https:\\\/\\\/schema.org\",\"@graph\":[{\"@type\":\"WebPage\",\"@id\":\"https:\\\/\\\/www.aseoservicios.com\\\/sitio\\\/politicas-corporativas\\\/\",\"url\":\"https:\\\/\\\/www.aseoservicios.com\\\/sitio\\\/politicas-corporativas\\\/\",\"name\":\"Politicas corporativas - AseoServicios\",\"isPartOf\":{\"@id\":\"https:\\\/\\\/www.aseoservicios.com\\\/sitio\\\/#website\"},\"datePublished\":\"2023-08-01T13:51:38+00:00\",\"dateModified\":\"2023-08-15T13:34:52+00:00\",\"breadcrumb\":{\"@id\":\"https:\\\/\\\/www.aseoservicios.com\\\/sitio\\\/politicas-corporativas\\\/#breadcrumb\"},\"inLanguage\":\"es\",\"potentialAction\":[{\"@type\":\"ReadAction\",\"target\":[\"https:\\\/\\\/www.aseoservicios.com\\\/sitio\\\/politicas-corporativas\\\/\"]}]},{\"@type\":\"BreadcrumbList\",\"@id\":\"https:\\\/\\\/www.aseoservicios.com\\\/sitio\\\/politicas-corporativas\\\/#breadcrumb\",\"itemListElement\":[{\"@type\":\"ListItem\",\"position\":1,\"name\":\"Portada\",\"item\":\"https:\\\/\\\/www.aseoservicios.com\\\/sitio\\\/\"},{\"@type\":\"ListItem\",\"position\":2,\"name\":\"Politicas corporativas\"}]},{\"@type\":\"WebSite\",\"@id\":\"https:\\\/\\\/www.aseoservicios.com\\\/sitio\\\/#website\",\"url\":\"https:\\\/\\\/www.aseoservicios.com\\\/sitio\\\/\",\"name\":\"AseoServicios\",\"description\":\"Por nuestra experiencia y solidez econ&oacute;mica somos el aliado que su empresa necesita\",\"publisher\":{\"@id\":\"https:\\\/\\\/www.aseoservicios.com\\\/sitio\\\/#organization\"},\"potentialAction\":[{\"@type\":\"SearchAction\",\"target\":{\"@type\":\"EntryPoint\",\"urlTemplate\":\"https:\\\/\\\/www.aseoservicios.com\\\/sitio\\\/?s={search_term_string}\"},\"query-input\":{\"@type\":\"PropertyValueSpecification\",\"valueRequired\":true,\"valueName\":\"search_term_string\"}}],\"inLanguage\":\"es\"},{\"@type\":\"Organization\",\"@id\":\"https:\\\/\\\/www.aseoservicios.com\\\/sitio\\\/#organization\",\"name\":\"AseoServicios\",\"url\":\"https:\\\/\\\/www.aseoservicios.com\\\/sitio\\\/\",\"logo\":{\"@type\":\"ImageObject\",\"inLanguage\":\"es\",\"@id\":\"https:\\\/\\\/www.aseoservicios.com\\\/sitio\\\/#\\\/schema\\\/logo\\\/image\\\/\",\"url\":\"https:\\\/\\\/www.aseoservicios.com\\\/sitio\\\/wp-content\\\/uploads\\\/2023\\\/12\\\/cropped-logo-aseo-servicios-v2-1.png\",\"contentUrl\":\"https:\\\/\\\/www.aseoservicios.com\\\/sitio\\\/wp-content\\\/uploads\\\/2023\\\/12\\\/cropped-logo-aseo-servicios-v2-1.png\",\"width\":240,\"height\":73,\"caption\":\"AseoServicios\"},\"image\":{\"@id\":\"https:\\\/\\\/www.aseoservicios.com\\\/sitio\\\/#\\\/schema\\\/logo\\\/image\\\/\"},\"sameAs\":[\"https:\\\/\\\/www.facebook.com\\\/osyacolombia\",\"https:\\\/\\\/www.instagram.com\\\/osya.sas\\\/\",\"https:\\\/\\\/www.linkedin.com\\\/company\\\/37299504\\\/admin\\\/feed\\\/posts\\\/\"]}]}<\/script>\n<!-- \/ Yoast SEO plugin. -->","yoast_head_json":{"title":"Politicas corporativas - AseoServicios","robots":{"index":"index","follow":"follow","max-snippet":"max-snippet:-1","max-image-preview":"max-image-preview:large","max-video-preview":"max-video-preview:-1"},"canonical":"https:\/\/www.aseoservicios.com\/sitio\/politicas-corporativas\/","og_locale":"es_ES","og_type":"article","og_title":"Politicas corporativas - AseoServicios","og_description":"Pol\u00edticas corporativas Pol\u00edtica sistema integrado de gesti\u00f3n Pol\u00edtica sistema integrado de gesti\u00f3n Pol\u00edtica de seguridad vial Pol\u00edtica de seguridad vial Pol\u00edtica prevenci\u00f3n de consumo de drogas y alcohol Pol\u00edtica prevenci\u00f3n de consumo de drogas y alcohol Pol\u00edtica de acompa\u00f1amiento para trabajadores en condici\u00f3n y\/o situaci\u00f3n de discapacidad Pol\u00edtica de acompa\u00f1amiento para trabajadores en condici\u00f3n y\/o [&hellip;]","og_url":"https:\/\/www.aseoservicios.com\/sitio\/politicas-corporativas\/","og_site_name":"AseoServicios","article_publisher":"https:\/\/www.facebook.com\/osyacolombia","article_modified_time":"2023-08-15T13:34:52+00:00","twitter_card":"summary_large_image","schema":{"@context":"https:\/\/schema.org","@graph":[{"@type":"WebPage","@id":"https:\/\/www.aseoservicios.com\/sitio\/politicas-corporativas\/","url":"https:\/\/www.aseoservicios.com\/sitio\/politicas-corporativas\/","name":"Politicas corporativas - AseoServicios","isPartOf":{"@id":"https:\/\/www.aseoservicios.com\/sitio\/#website"},"datePublished":"2023-08-01T13:51:38+00:00","dateModified":"2023-08-15T13:34:52+00:00","breadcrumb":{"@id":"https:\/\/www.aseoservicios.com\/sitio\/politicas-corporativas\/#breadcrumb"},"inLanguage":"es","potentialAction":[{"@type":"ReadAction","target":["https:\/\/www.aseoservicios.com\/sitio\/politicas-corporativas\/"]}]},{"@type":"BreadcrumbList","@id":"https:\/\/www.aseoservicios.com\/sitio\/politicas-corporativas\/#breadcrumb","itemListElement":[{"@type":"ListItem","position":1,"name":"Portada","item":"https:\/\/www.aseoservicios.com\/sitio\/"},{"@type":"ListItem","position":2,"name":"Politicas corporativas"}]},{"@type":"WebSite","@id":"https:\/\/www.aseoservicios.com\/sitio\/#website","url":"https:\/\/www.aseoservicios.com\/sitio\/","name":"AseoServicios","description":"Por nuestra experiencia y solidez econ&oacute;mica somos el aliado que su empresa necesita","publisher":{"@id":"https:\/\/www.aseoservicios.com\/sitio\/#organization"},"potentialAction":[{"@type":"SearchAction","target":{"@type":"EntryPoint","urlTemplate":"https:\/\/www.aseoservicios.com\/sitio\/?s={search_term_string}"},"query-input":{"@type":"PropertyValueSpecification","valueRequired":true,"valueName":"search_term_string"}}],"inLanguage":"es"},{"@type":"Organization","@id":"https:\/\/www.aseoservicios.com\/sitio\/#organization","name":"AseoServicios","url":"https:\/\/www.aseoservicios.com\/sitio\/","logo":{"@type":"ImageObject","inLanguage":"es","@id":"https:\/\/www.aseoservicios.com\/sitio\/#\/schema\/logo\/image\/","url":"https:\/\/www.aseoservicios.com\/sitio\/wp-content\/uploads\/2023\/12\/cropped-logo-aseo-servicios-v2-1.png","contentUrl":"https:\/\/www.aseoservicios.com\/sitio\/wp-content\/uploads\/2023\/12\/cropped-logo-aseo-servicios-v2-1.png","width":240,"height":73,"caption":"AseoServicios"},"image":{"@id":"https:\/\/www.aseoservicios.com\/sitio\/#\/schema\/logo\/image\/"},"sameAs":["https:\/\/www.facebook.com\/osyacolombia","https:\/\/www.instagram.com\/osya.sas\/","https:\/\/www.linkedin.com\/company\/37299504\/admin\/feed\/posts\/"]}]}},"_links":{"self":[{"href":"https:\/\/www.aseoservicios.com\/sitio\/wp-json\/wp\/v2\/pages\/1189","targetHints":{"allow":["GET"]}}],"collection":[{"href":"https:\/\/www.aseoservicios.com\/sitio\/wp-json\/wp\/v2\/pages"}],"about":[{"href":"https:\/\/www.aseoservicios.com\/sitio\/wp-json\/wp\/v2\/types\/page"}],"author":[{"embeddable":true,"href":"https:\/\/www.aseoservicios.com\/sitio\/wp-json\/wp\/v2\/users\/1"}],"replies":[{"embeddable":true,"href":"https:\/\/www.aseoservicios.com\/sitio\/wp-json\/wp\/v2\/comments?post=1189"}],"version-history":[{"count":5,"href":"https:\/\/www.aseoservicios.com\/sitio\/wp-json\/wp\/v2\/pages\/1189\/revisions"}],"predecessor-version":[{"id":1786,"href":"https:\/\/www.aseoservicios.com\/sitio\/wp-json\/wp\/v2\/pages\/1189\/revisions\/1786"}],"wp:attachment":[{"href":"https:\/\/www.aseoservicios.com\/sitio\/wp-json\/wp\/v2\/media?parent=1189"}],"curies":[{"name":"wp","href":"https:\/\/api.w.org\/{rel}","templated":true}]}}