{"id":1207,"date":"2023-08-01T13:55:59","date_gmt":"2023-08-01T13:55:59","guid":{"rendered":"https:\/\/www.aseoservicios.com\/sitio\/?page_id=1207"},"modified":"2023-08-01T14:05:35","modified_gmt":"2023-08-01T14:05:35","slug":"preguntas-frecuentes","status":"publish","type":"page","link":"https:\/\/www.aseoservicios.com\/sitio\/preguntas-frecuentes\/","title":{"rendered":"Preguntas Frecuentes"},"content":{"rendered":"<p><section class=\"kc-elm kc-css-457142 kc_row\"><div class=\"kc-row-container  kc-container\"><div class=\"kc-wrap-columns\"><div class=\"kc-elm kc-css-368855 kc_col-sm-12 kc_column kc_col-sm-12\"><div class=\"kc-col-container\">\n<div class=\"kc-elm kc-css-372211 kc-title-wrap \">\n\n\t<h3 class=\"kc_title\">Preguntas frecuentes<\/h3>\n<\/div>\n<\/div><\/div><\/div><\/div><\/section><section class=\"kc-elm kc-css-868165 kc_row\"><div class=\"kc-row-container  kc-container\"><div class=\"kc-wrap-columns\"><div class=\"kc-elm kc-css-441816 kc_col-sm-12 kc_column kc_col-sm-12\"><div class=\"kc-col-container\"><div class=\"kc-elm kc-css-940050 kc_accordion_wrapper\">\n<div class=\"kc-elm kc-css-698164 kc_accordion_section group \"><h3 class=\"kc_accordion_header ui-accordion-header\"><span class=\"ui-accordion-header-icon ui-icon\"><\/span><a href=\"#como-puedo-postularme-a-una-vacante\" data-prevent=\"scroll\"><i class=\"\"><\/i> \u00bfC\u00f3mo puedo postularme a una vacante?<\/a><\/h3><div class=\"kc_accordion_content ui-accordion-content kc_clearfix\"><div class=\"kc-panel-body\"><div class=\"kc-elm kc-css-570485 kc_row kc_row_inner\"><div class=\"kc-elm kc-css-90943 kc_col-sm-10 kc_column_inner kc_col-sm-10\"><div class=\"kc_wrapper kc-col-inner-container\"><div class=\"kc-elm kc-css-14498 kc_text_block\"><\/p>\n<p>Lo invitamos a consultar y registrarse al siguiente enlace donde podr\u00e1 conocer las vacantes ofertadas a nivel nacional<\/p>\n<p>\n<\/div><\/div><\/div><div class=\"kc-elm kc-css-702108 kc_col-of-5 kc_column_inner kc_col-of-5\"><div class=\"kc_wrapper kc-col-inner-container\">\n<div class=\"kc-elm kc-css-486259\">\n\t<a class=\"kc_button\" href=\"https:\/\/osya.t3rsc.co\/cv\/registro\" target=\"_blank\" title=\"\" onclick=\"\">\n\t\t<i class=\"sl-cursor\"><\/i> Consultar y registrarse\t<\/a>\n<\/div>\n<\/div><\/div><\/div><\/div><\/div><\/div><div class=\"kc-elm kc-css-871149 kc_accordion_section group \"><h3 class=\"kc_accordion_header ui-accordion-header\"><span class=\"ui-accordion-header-icon ui-icon\"><\/span><a href=\"#como-puedo-comunicarme-con-servicio-al-cliente\" data-prevent=\"scroll\"><i class=\"\"><\/i> \u00bfC\u00f3mo puedo comunicarme con Servicio al cliente?<\/a><\/h3><div class=\"kc_accordion_content ui-accordion-content kc_clearfix\"><div class=\"kc-panel-body\"><div class=\"kc-elm kc-css-857683 kc_box_wrap \"><div><div class=\"one-one\"><h4><text>Tenemos tres canales disponibles:<\/text><\/h4><p><text>Celular: <\/text><strong><text>300 910 8957<\/text><\/strong> <text><br><\/text><text>WhatsApp: <\/text><strong><text>320 830 2067<\/text><\/strong><text><br><\/text><text>Correo electr\u00f3nico: <\/text><strong><text>servicioalcliente@serviciosyasesorias.com<\/text><\/strong><\/p><\/div><\/div><\/div><\/div><\/div><\/div><div class=\"kc-elm kc-css-89427 kc_accordion_section group \"><h3 class=\"kc_accordion_header ui-accordion-header\"><span class=\"ui-accordion-header-icon ui-icon\"><\/span><a href=\"#como-puedo-solicitar-mi-certificacion-laboral-y-desprendibles-de-pago\" data-prevent=\"scroll\"><i class=\"\"><\/i> \u00bfC\u00f3mo puedo solicitar mi Certificaci\u00f3n Laboral y desprendibles de pago?<\/a><\/h3><div class=\"kc_accordion_content ui-accordion-content kc_clearfix\"><div class=\"kc-panel-body\"><div class=\"kc-elm kc-css-899851 kc_row kc_row_inner\"><div class=\"kc-elm kc-css-65086 kc_col-sm-10 kc_column_inner kc_col-sm-10\"><div class=\"kc_wrapper kc-col-inner-container\"><div class=\"kc-elm kc-css-450337 kc_text_block\"><\/p>\n<p>Puede ingresar al siguiente enlace que lo direccionar\u00e1 directamente a nuestra plataforma donde podr\u00e1 descargar certificaciones laborales y comprobantes de pago.<\/p>\n<p>\n<\/div><\/div><\/div><div class=\"kc-elm kc-css-582720 kc_col-of-5 kc_column_inner kc_col-of-5\"><div class=\"kc_wrapper kc-col-inner-container\">\n<div class=\"kc-elm kc-css-374690\">\n\t<a class=\"kc_button\" href=\"https:\/\/novasoft.osya.net.co\/PORTAL_ASEO\/Acceso\/Login.aspx?ReturnUrl=\/PORTAL_ASEO\/Login.aspx\" target=\"_blank\" title=\"\" onclick=\"\">\n\t\t<i class=\"sl-cursor\"><\/i> Portal de trabajadores\t<\/a>\n<\/div>\n<\/div><\/div><\/div><\/div><\/div><\/div><div class=\"kc-elm kc-css-784846 kc_accordion_section group \"><h3 class=\"kc_accordion_header ui-accordion-header\"><span class=\"ui-accordion-header-icon ui-icon\"><\/span><a href=\"#cuales-son-los-requisitos-para-el-retiro-de-cesantias\" data-prevent=\"scroll\"><i class=\"\"><\/i> \u00bfC\u00faales son los requisitos para el retiro de cesant\u00edas?<\/a><\/h3><div class=\"kc_accordion_content ui-accordion-content kc_clearfix\"><div class=\"kc-panel-body\"><div class=\"kc-elm kc-css-898804 kc_text_block\"><\/p>\n<h4>Debe adjuntar al siguiente correo electr\u00f3nico servicioalcliente@serviciosyasesorias.com los siguientes requisitos seg\u00fan su solicitud.<\/h4>\n<h5>COMPRA DE VIVIENDA NUEVA O USADA.<\/h5>\n<ul>\n<li>Carta del trabajador (a) solicitando el retiro de las cesant\u00edas.<\/li>\n<li>Promesa de compraventa (Con firmas autenticadas de ambas partes)<\/li>\n<li>Certificado de libertad y tradici\u00f3n, no superior a 30 d\u00edas de expedici\u00f3n<\/li>\n<li>Fotocopia de la c\u00e9dula del empleado y vendedor.<\/li>\n<li>Certificado de extracto o certificado de saldos seg\u00fan el fondo que corresponda.<\/li>\n<\/ul>\n<h5>EN CONSTRUCCI\u00d3N O MEJORAMIENTO DE VIVIENDA.<\/h5>\n<ul>\n<li>Carta del trabajador (a) solicitando el retiro de las cesant\u00edas.<\/li>\n<li>Contrato civil de obra con el que se construir\u00e1 o remodelar\u00e1 la vivienda.<\/li>\n<li>Cotizaci\u00f3n de los materiales para la obra.<\/li>\n<li>Certificado de libertad y tradici\u00f3n, no superior a 30 d\u00edas de expedici\u00f3n.<\/li>\n<li>Fotocopia de la c\u00e9dula del trabajador.<\/li>\n<li>Certificado de extracto o Certificado de saldos seg\u00fan el fondo que corresponda.<\/li>\n<\/ul>\n<h5>\u00a0<\/h5>\n<h5>PAGO O AMORTIZACI\u00d3N DE CR\u00c9DITOS HIPOTECARIOS.<\/h5>\n<ul>\n<li>Carta del trabajador (a) solicitando el retiro de las cesant\u00edas.<\/li>\n<li>Certificado bancario de la deuda o extracto bancario.<\/li>\n<li>Fotocopia de la c\u00e9dula del empleado.<\/li>\n<li>Certificado de libertad y tradici\u00f3n no superior a 30 d\u00edas de expedici\u00f3n.<\/li>\n<li>Certificado de extracto o certificado de saldos seg\u00fan del fondo de cesant\u00edas.<\/li>\n<\/ul>\n<h5>\u00a0<\/h5>\n<h5>RETIRO DE LAS CESANT\u00cdAS PARA FINANCIAR EDUCACI\u00d3N.<\/h5>\n<p>Las cesant\u00edas se pueden retirar para pagar educaci\u00f3n para el trabajador, c\u00f3nyuge y\/o hijos en los siguientes usos: Estudios superiores Estudios de programas t\u00e9cnicos. Pago de cr\u00e9ditos educativos. Pago o compra de seguros educativos.<\/p>\n<p>\n<\/div><\/div><\/div><\/div><div class=\"kc-elm kc-css-773673 kc_accordion_section group \"><h3 class=\"kc_accordion_header ui-accordion-header\"><span class=\"ui-accordion-header-icon ui-icon\"><\/span><a href=\"#donde-puedo-solicitar-certificado-de-ingresos-y-retenciones\" data-prevent=\"scroll\"><i class=\"\"><\/i> \u00bfD\u00f3nde puedo solicitar Certificado de ingresos y retenciones?<\/a><\/h3><div class=\"kc_accordion_content ui-accordion-content kc_clearfix\"><div class=\"kc-panel-body\"><div class=\"kc-elm kc-css-258686 kc_text_block\"><\/p>\n<p>Debe enviar al correo electr\u00f3nico\u00a0<span id=\"cloaka2cf5030630772941a6ef98e9e6985ca\"><a href=\"mailto:servicioalcliente@serviciosyasesorias.com\">servicioalcliente@serviciosyasesorias.com<\/a><\/span>\u00a0copia de su documento de identidad con firma y n\u00famero de documento de identidad.<\/p>\n<p>\n<\/div><\/div><\/div><\/div><div class=\"kc-elm kc-css-432065 kc_accordion_section group \"><h3 class=\"kc_accordion_header ui-accordion-header\"><span class=\"ui-accordion-header-icon ui-icon\"><\/span><a href=\"#como-puedo-descargar-mi-seguridad-social\" data-prevent=\"scroll\"><i class=\"\"><\/i> \u00bfC\u00f3mo puedo descargar mi Seguridad Social?<\/a><\/h3><div class=\"kc_accordion_content ui-accordion-content kc_clearfix\"><div class=\"kc-panel-body\"><div class=\"kc-elm kc-css-266731 kc_row kc_row_inner\"><div class=\"kc-elm kc-css-526508 kc_col-sm-10 kc_column_inner kc_col-sm-10\"><div class=\"kc_wrapper kc-col-inner-container\"><div class=\"kc-elm kc-css-280388 kc_text_block\"><\/p>\n<p>Puede ingresar al siguiente enlace que lo diseccionar\u00e1 directamente a la plataforma de APORTES EN LINEA donde podr\u00e1 descargar la seguridad social.<\/p>\n<p>\n<\/div><\/div><\/div><div class=\"kc-elm kc-css-436407 kc_col-of-5 kc_column_inner kc_col-of-5\"><div class=\"kc_wrapper kc-col-inner-container\">\n<div class=\"kc-elm kc-css-762612\">\n\t<a class=\"kc_button\" href=\"https:\/\/www.aportesenlinea.com\/Autoservicio\/CertificadoAportes.aspx\" target=\"_blank\" title=\"\" onclick=\"\">\n\t\t<i class=\"sl-cursor\"><\/i> Descargar certificado\t<\/a>\n<\/div>\n<\/div><\/div><\/div><\/div><\/div><\/div><div class=\"kc-elm kc-css-314094 kc_accordion_section group \"><h3 class=\"kc_accordion_header ui-accordion-header\"><span class=\"ui-accordion-header-icon ui-icon\"><\/span><a href=\"#como-radico-mis-incapacidades\" data-prevent=\"scroll\"><i class=\"\"><\/i> \u00bfC\u00f3mo radico mis incapacidades?<\/a><\/h3><div class=\"kc_accordion_content ui-accordion-content kc_clearfix\"><div class=\"kc-panel-body\"><div class=\"kc-elm kc-css-392892 kc_box_wrap \"><div><div class=\"one-one\"><p><text>Puede enviar un correo a buzonincapacidades@serviciosyasesorias.com, adjuntar los siguientes documentos: <br><\/text><br><\/p><ul><li><text>Copia de su documento de identidad <\/text><\/li><li><text>Incapacidad medica Historia cl\u00ednica (aplica \u00fanicamente para las incapacidades iguales o mayores a 3 d\u00edas)<\/text><\/li><\/ul><\/div><\/div><\/div><\/div><\/div><\/div><div class=\"kc-elm kc-css-651397 kc_accordion_section group \"><h3 class=\"kc_accordion_header ui-accordion-header\"><span class=\"ui-accordion-header-icon ui-icon\"><\/span><a href=\"#a-partir-de-que-momento-me-atiende-la-eps\" data-prevent=\"scroll\"><i class=\"\"><\/i> \u00bfA partir de qu\u00e9 momento me atiende la EPS?<\/a><\/h3><div class=\"kc_accordion_content ui-accordion-content kc_clearfix\"><div class=\"kc-panel-body\"><div class=\"kc-elm kc-css-767638 kc_text_block\"><\/p>\n<div class=\"bg-content-02\">\n<div class=\"sprocket-lists\" data-lists=\"268\">\n<div class=\"sprocket-lists-item\" data-lists-content=\"\">\n<div class=\"sprocket-padding\">Durante el primer mes puede ser atendido por urgencias vitales. Desde el segundo mes puede solicitar citas medicas y otros servicios.<\/div>\n<\/div>\n<div class=\"sprocket-lists-nav\">\n<div class=\"spinner\">\u00a0<\/div>\n<\/div>\n<\/div>\n<\/div>\n<p>\n<\/div><\/div><\/div><\/div><\/div>\n<\/div><\/div><\/div><\/div><\/section><section class=\"kc-elm kc-css-749023 kc_row\"><div class=\"kc-row-container  kc-container\"><div class=\"kc-wrap-columns\"><div class=\"kc-elm kc-css-237741 kc_col-sm-12 kc_column kc_col-sm-12\"><div class=\"kc-col-container\">\n<div class=\"kc-elm kc-css-897136 kc-title-wrap \">\n\n\t<h3 class=\"kc_title\">Te invitamos a:<\/h3>\n<\/div>\n<\/div><\/div><\/div><\/div><\/section><section class=\"kc-elm kc-css-986000 kc_row\"><div class=\"kc-row-container  kc-container\"><div class=\"kc-wrap-columns\"><div class=\"kc-elm kc-css-148339 kc_col-sm-4 kc_column kc_col-sm-4\"><div class=\"kc-col-container\">\n<div class=\"kc-elm kc-css-617459\">\n\t<a class=\"kc_button\" href=\"https:\/\/osya.t3rsc.co\/cv\/registro\" target=\"_blank\" title=\"\" onclick=\"\">\n\t\t<i class=\"sl-cursor\"><\/i> Registrar la Hoja de Vida\t<\/a>\n<\/div>\n<\/div><\/div><div class=\"kc-elm kc-css-717142 kc_col-sm-4 kc_column kc_col-sm-4\"><div class=\"kc-col-container\">\n<div class=\"kc-elm kc-css-85443\">\n\t<a class=\"kc_button\" href=\"https:\/\/osya.t3rsc.co\/buscar_empleo\" target=\"_blank\" title=\"\" onclick=\"\">\n\t\t<i class=\"sl-cursor\"><\/i> Aplicar a Ofertas\t<\/a>\n<\/div>\n<\/div><\/div><div class=\"kc-elm kc-css-518070 kc_col-sm-4 kc_column kc_col-sm-4\"><div class=\"kc-col-container\">\n<div class=\"kc-elm kc-css-271375\">\n\t<a class=\"kc_button\" href=\" https:\/\/www.youtube.com\/channel\/UCicMNRf--hsrOPzmAVBJLnA\" target=\"_blank\" title=\"\" onclick=\"\">\n\t\t<i class=\"et-video\"><\/i> \u00bfC\u00f3mo aplicar a Ofertas?\t<\/a>\n<\/div>\n<\/div><\/div><\/div><\/div><\/section><\/p>\n","protected":false},"excerpt":{"rendered":"","protected":false},"author":1,"featured_media":0,"parent":0,"menu_order":0,"comment_status":"closed","ping_status":"closed","template":"","meta":{"footnotes":""},"class_list":["post-1207","page","type-page","status-publish","hentry"],"yoast_head":"<!-- This site is optimized with the Yoast SEO plugin v27.4 - https:\/\/yoast.com\/product\/yoast-seo-wordpress\/ -->\n<title>Preguntas Frecuentes - AseoServicios<\/title>\n<meta name=\"robots\" content=\"index, follow, max-snippet:-1, max-image-preview:large, max-video-preview:-1\" \/>\n<link rel=\"canonical\" href=\"https:\/\/www.aseoservicios.com\/sitio\/preguntas-frecuentes\/\" \/>\n<meta property=\"og:locale\" content=\"es_ES\" \/>\n<meta property=\"og:type\" content=\"article\" \/>\n<meta property=\"og:title\" content=\"Preguntas Frecuentes - AseoServicios\" \/>\n<meta property=\"og:description\" content=\"Preguntas frecuentes \u00bfC\u00f3mo puedo postularme a una vacante? Lo invitamos a consultar y registrarse al siguiente enlace donde podr\u00e1 conocer las vacantes ofertadas a nivel nacional Consultar y registrarse \u00bfC\u00f3mo puedo comunicarme con Servicio al cliente? Tenemos tres canales disponibles: Celular: 300 910 8957 WhatsApp: 320 830 2067Correo electr\u00f3nico: servicioalcliente@serviciosyasesorias.com \u00bfC\u00f3mo puedo solicitar mi Certificaci\u00f3n [&hellip;]\" \/>\n<meta property=\"og:url\" content=\"https:\/\/www.aseoservicios.com\/sitio\/preguntas-frecuentes\/\" \/>\n<meta property=\"og:site_name\" content=\"AseoServicios\" \/>\n<meta property=\"article:publisher\" content=\"https:\/\/www.facebook.com\/osyacolombia\" \/>\n<meta property=\"article:modified_time\" content=\"2023-08-01T14:05:35+00:00\" \/>\n<meta name=\"twitter:card\" content=\"summary_large_image\" \/>\n<meta name=\"twitter:label1\" content=\"Tiempo de lectura\" \/>\n\t<meta name=\"twitter:data1\" content=\"3 minutos\" \/>\n<script type=\"application\/ld+json\" class=\"yoast-schema-graph\">{\"@context\":\"https:\\\/\\\/schema.org\",\"@graph\":[{\"@type\":\"WebPage\",\"@id\":\"https:\\\/\\\/www.aseoservicios.com\\\/sitio\\\/preguntas-frecuentes\\\/\",\"url\":\"https:\\\/\\\/www.aseoservicios.com\\\/sitio\\\/preguntas-frecuentes\\\/\",\"name\":\"Preguntas Frecuentes - AseoServicios\",\"isPartOf\":{\"@id\":\"https:\\\/\\\/www.aseoservicios.com\\\/sitio\\\/#website\"},\"datePublished\":\"2023-08-01T13:55:59+00:00\",\"dateModified\":\"2023-08-01T14:05:35+00:00\",\"breadcrumb\":{\"@id\":\"https:\\\/\\\/www.aseoservicios.com\\\/sitio\\\/preguntas-frecuentes\\\/#breadcrumb\"},\"inLanguage\":\"es\",\"potentialAction\":[{\"@type\":\"ReadAction\",\"target\":[\"https:\\\/\\\/www.aseoservicios.com\\\/sitio\\\/preguntas-frecuentes\\\/\"]}]},{\"@type\":\"BreadcrumbList\",\"@id\":\"https:\\\/\\\/www.aseoservicios.com\\\/sitio\\\/preguntas-frecuentes\\\/#breadcrumb\",\"itemListElement\":[{\"@type\":\"ListItem\",\"position\":1,\"name\":\"Portada\",\"item\":\"https:\\\/\\\/www.aseoservicios.com\\\/sitio\\\/\"},{\"@type\":\"ListItem\",\"position\":2,\"name\":\"Preguntas Frecuentes\"}]},{\"@type\":\"WebSite\",\"@id\":\"https:\\\/\\\/www.aseoservicios.com\\\/sitio\\\/#website\",\"url\":\"https:\\\/\\\/www.aseoservicios.com\\\/sitio\\\/\",\"name\":\"AseoServicios\",\"description\":\"Por nuestra experiencia y solidez econ&oacute;mica somos el aliado que su empresa necesita\",\"publisher\":{\"@id\":\"https:\\\/\\\/www.aseoservicios.com\\\/sitio\\\/#organization\"},\"potentialAction\":[{\"@type\":\"SearchAction\",\"target\":{\"@type\":\"EntryPoint\",\"urlTemplate\":\"https:\\\/\\\/www.aseoservicios.com\\\/sitio\\\/?s={search_term_string}\"},\"query-input\":{\"@type\":\"PropertyValueSpecification\",\"valueRequired\":true,\"valueName\":\"search_term_string\"}}],\"inLanguage\":\"es\"},{\"@type\":\"Organization\",\"@id\":\"https:\\\/\\\/www.aseoservicios.com\\\/sitio\\\/#organization\",\"name\":\"AseoServicios\",\"url\":\"https:\\\/\\\/www.aseoservicios.com\\\/sitio\\\/\",\"logo\":{\"@type\":\"ImageObject\",\"inLanguage\":\"es\",\"@id\":\"https:\\\/\\\/www.aseoservicios.com\\\/sitio\\\/#\\\/schema\\\/logo\\\/image\\\/\",\"url\":\"https:\\\/\\\/www.aseoservicios.com\\\/sitio\\\/wp-content\\\/uploads\\\/2023\\\/12\\\/cropped-logo-aseo-servicios-v2-1.png\",\"contentUrl\":\"https:\\\/\\\/www.aseoservicios.com\\\/sitio\\\/wp-content\\\/uploads\\\/2023\\\/12\\\/cropped-logo-aseo-servicios-v2-1.png\",\"width\":240,\"height\":73,\"caption\":\"AseoServicios\"},\"image\":{\"@id\":\"https:\\\/\\\/www.aseoservicios.com\\\/sitio\\\/#\\\/schema\\\/logo\\\/image\\\/\"},\"sameAs\":[\"https:\\\/\\\/www.facebook.com\\\/osyacolombia\",\"https:\\\/\\\/www.instagram.com\\\/osya.sas\\\/\",\"https:\\\/\\\/www.linkedin.com\\\/company\\\/37299504\\\/admin\\\/feed\\\/posts\\\/\"]}]}<\/script>\n<!-- \/ Yoast SEO plugin. -->","yoast_head_json":{"title":"Preguntas Frecuentes - AseoServicios","robots":{"index":"index","follow":"follow","max-snippet":"max-snippet:-1","max-image-preview":"max-image-preview:large","max-video-preview":"max-video-preview:-1"},"canonical":"https:\/\/www.aseoservicios.com\/sitio\/preguntas-frecuentes\/","og_locale":"es_ES","og_type":"article","og_title":"Preguntas Frecuentes - AseoServicios","og_description":"Preguntas frecuentes \u00bfC\u00f3mo puedo postularme a una vacante? Lo invitamos a consultar y registrarse al siguiente enlace donde podr\u00e1 conocer las vacantes ofertadas a nivel nacional Consultar y registrarse \u00bfC\u00f3mo puedo comunicarme con Servicio al cliente? Tenemos tres canales disponibles: Celular: 300 910 8957 WhatsApp: 320 830 2067Correo electr\u00f3nico: servicioalcliente@serviciosyasesorias.com \u00bfC\u00f3mo puedo solicitar mi Certificaci\u00f3n [&hellip;]","og_url":"https:\/\/www.aseoservicios.com\/sitio\/preguntas-frecuentes\/","og_site_name":"AseoServicios","article_publisher":"https:\/\/www.facebook.com\/osyacolombia","article_modified_time":"2023-08-01T14:05:35+00:00","twitter_card":"summary_large_image","twitter_misc":{"Tiempo de lectura":"3 minutos"},"schema":{"@context":"https:\/\/schema.org","@graph":[{"@type":"WebPage","@id":"https:\/\/www.aseoservicios.com\/sitio\/preguntas-frecuentes\/","url":"https:\/\/www.aseoservicios.com\/sitio\/preguntas-frecuentes\/","name":"Preguntas Frecuentes - AseoServicios","isPartOf":{"@id":"https:\/\/www.aseoservicios.com\/sitio\/#website"},"datePublished":"2023-08-01T13:55:59+00:00","dateModified":"2023-08-01T14:05:35+00:00","breadcrumb":{"@id":"https:\/\/www.aseoservicios.com\/sitio\/preguntas-frecuentes\/#breadcrumb"},"inLanguage":"es","potentialAction":[{"@type":"ReadAction","target":["https:\/\/www.aseoservicios.com\/sitio\/preguntas-frecuentes\/"]}]},{"@type":"BreadcrumbList","@id":"https:\/\/www.aseoservicios.com\/sitio\/preguntas-frecuentes\/#breadcrumb","itemListElement":[{"@type":"ListItem","position":1,"name":"Portada","item":"https:\/\/www.aseoservicios.com\/sitio\/"},{"@type":"ListItem","position":2,"name":"Preguntas Frecuentes"}]},{"@type":"WebSite","@id":"https:\/\/www.aseoservicios.com\/sitio\/#website","url":"https:\/\/www.aseoservicios.com\/sitio\/","name":"AseoServicios","description":"Por nuestra experiencia y solidez econ&oacute;mica somos el aliado que su empresa necesita","publisher":{"@id":"https:\/\/www.aseoservicios.com\/sitio\/#organization"},"potentialAction":[{"@type":"SearchAction","target":{"@type":"EntryPoint","urlTemplate":"https:\/\/www.aseoservicios.com\/sitio\/?s={search_term_string}"},"query-input":{"@type":"PropertyValueSpecification","valueRequired":true,"valueName":"search_term_string"}}],"inLanguage":"es"},{"@type":"Organization","@id":"https:\/\/www.aseoservicios.com\/sitio\/#organization","name":"AseoServicios","url":"https:\/\/www.aseoservicios.com\/sitio\/","logo":{"@type":"ImageObject","inLanguage":"es","@id":"https:\/\/www.aseoservicios.com\/sitio\/#\/schema\/logo\/image\/","url":"https:\/\/www.aseoservicios.com\/sitio\/wp-content\/uploads\/2023\/12\/cropped-logo-aseo-servicios-v2-1.png","contentUrl":"https:\/\/www.aseoservicios.com\/sitio\/wp-content\/uploads\/2023\/12\/cropped-logo-aseo-servicios-v2-1.png","width":240,"height":73,"caption":"AseoServicios"},"image":{"@id":"https:\/\/www.aseoservicios.com\/sitio\/#\/schema\/logo\/image\/"},"sameAs":["https:\/\/www.facebook.com\/osyacolombia","https:\/\/www.instagram.com\/osya.sas\/","https:\/\/www.linkedin.com\/company\/37299504\/admin\/feed\/posts\/"]}]}},"_links":{"self":[{"href":"https:\/\/www.aseoservicios.com\/sitio\/wp-json\/wp\/v2\/pages\/1207","targetHints":{"allow":["GET"]}}],"collection":[{"href":"https:\/\/www.aseoservicios.com\/sitio\/wp-json\/wp\/v2\/pages"}],"about":[{"href":"https:\/\/www.aseoservicios.com\/sitio\/wp-json\/wp\/v2\/types\/page"}],"author":[{"embeddable":true,"href":"https:\/\/www.aseoservicios.com\/sitio\/wp-json\/wp\/v2\/users\/1"}],"replies":[{"embeddable":true,"href":"https:\/\/www.aseoservicios.com\/sitio\/wp-json\/wp\/v2\/comments?post=1207"}],"version-history":[{"count":9,"href":"https:\/\/www.aseoservicios.com\/sitio\/wp-json\/wp\/v2\/pages\/1207\/revisions"}],"predecessor-version":[{"id":1216,"href":"https:\/\/www.aseoservicios.com\/sitio\/wp-json\/wp\/v2\/pages\/1207\/revisions\/1216"}],"wp:attachment":[{"href":"https:\/\/www.aseoservicios.com\/sitio\/wp-json\/wp\/v2\/media?parent=1207"}],"curies":[{"name":"wp","href":"https:\/\/api.w.org\/{rel}","templated":true}]}}