{"id":1689,"date":"2024-01-04T16:46:10","date_gmt":"2024-01-04T16:46:10","guid":{"rendered":"https:\/\/www.aseoservicios.com\/sitio\/?page_id=1689"},"modified":"2024-01-04T22:00:54","modified_gmt":"2024-01-04T22:00:54","slug":"oficinas-bodegas-y-aseo-institucional","status":"publish","type":"page","link":"https:\/\/www.aseoservicios.com\/sitio\/oficinas-bodegas-y-aseo-institucional\/","title":{"rendered":"Oficinas, bodegas y aseo institucional"},"content":{"rendered":"<p><section data-kc-fullwidth=\"content\" class=\"kc-elm kc-css-690024 kc_row\"><div class=\"kc-row-container\"><div class=\"kc-wrap-columns\"><div class=\"kc-elm kc-css-318074 kc_col-sm-12 kc_column kc_col-sm-12\"><div class=\"kc-col-container\">\n<div class=\"kc-elm kc-css-148897 kc-title-wrap \">\n\n\t<h2 class=\"kc_title\">M\u00e1s de 45 a\u00f1os de experiencia<\/h2>\n<\/div>\n<div class=\"kc-elm kc-css-271629 kc_text_block\"><\/p>\n<p>\n\u00a1Cont\u00e1ctanos ahora!<\/p>\n<p>\n<\/div>\n<div class=\"kc-elm kc-css-882083\">\n\t<a class=\"kc_button\" href=\"#\" onclick=\"\">\n\t\t\u00a1Hablar con asesor! <i class=\"sl-bag\"><\/i>\t<\/a>\n<\/div>\n<\/div><\/div><\/div><\/div><\/section><section class=\"kc-elm kc-css-598719 kc_row\"><div class=\"kc-row-container  kc-container\"><div class=\"kc-wrap-columns\"><div class=\"kc-elm kc-css-357676 kc_col-sm-12 kc_column kc_col-sm-12\"><div class=\"kc-col-container\"><div class=\"kc-elm kc-css-143845\" style=\"height: 80px; clear: both; width:100%;\"><\/div><div class=\"kc-elm kc-css-590536 kc_row kc_row_inner\"><div class=\"kc-elm kc-css-570052 kc_col-sm-6 kc_column_inner kc_col-sm-6\"><div class=\"kc_wrapper kc-col-inner-container\">\n<div class=\"kc-elm kc-css-910933 kc-title-wrap \">\n\n\t<h4 class=\"kc_title\">Somos expertos <\/h4>\n<\/div>\n\n<div class=\"kc-elm kc-css-698856 kc-title-wrap \">\n\n\t<h2 class=\"kc_title\">Oficinas, bodegas y aseo institucional<\/h2>\n<\/div>\n<div class=\"kc-elm kc-css-777132 kc_text_block\"><\/p>\n<p>Mediante una planificaci\u00f3n detallada, nuestro<br \/>objetivo es crear entornos laborales agradables, limpios y seguros, cumpliendo con las regulaciones espec\u00edficas de cada \u00e1rea.<\/p>\n<p>Nuestra oferta de servicios incluye:<\/p>\n<p>Limpieza general<br \/>Cafeter\u00eda<\/p>\n<p>\n<\/div>\n<div class=\"kc-elm kc-css-945610\">\n\t<a class=\"kc_button\" href=\"#\" onclick=\"\">\n\t\t<i class=\"fa-comment-o\"><\/i> M\u00e1s informaci\u00f3n\t<\/a>\n<\/div>\n<\/div><\/div><div class=\"kc-elm kc-css-894456 kc_col-sm-6 kc_column_inner kc_col-sm-6\"><div class=\"kc_wrapper kc-col-inner-container\"><div class=\"kc-elm kc-css-280743 kc_shortcode kc_single_image\">\n\n        <img decoding=\"async\" src=\"https:\/\/www.aseoservicios.com\/sitio\/wp-content\/uploads\/2024\/01\/bodemas-cuadrado-06.png\" class=\"\" alt=\"\" \/>    <\/div>\n<\/div><\/div><\/div><div class=\"kc-elm kc-css-958796\" style=\"height: 80px; clear: both; width:100%;\"><\/div><\/div><\/div><\/div><\/div><\/section><section class=\"kc-elm kc-css-34616 kc_row\"><div class=\"kc-row-container  kc-container\"><div class=\"kc-wrap-columns\"><div class=\"kc-elm kc-css-112479 kc_col-sm-12 kc_column kc_col-sm-12\"><div class=\"kc-col-container\"><div class=\"kc-elm kc-css-357045\" style=\"height: 42px; clear: both; width:100%;\"><\/div><div class=\"kc-contact-form7 kc-elm kc-css-166973\"><h2>\u00a1Estamos aqu\u00ed para ayudarte! Cont\u00e1ctanos ahora.<\/h2>\n<div class=\"wpcf7 no-js\" id=\"wpcf7-f5-o1\" lang=\"en-US\" dir=\"ltr\" data-wpcf7-id=\"5\">\n<div class=\"screen-reader-response\"><p role=\"status\" aria-live=\"polite\" aria-atomic=\"true\"><\/p> <ul><\/ul><\/div>\n<form action=\"\/sitio\/wp-json\/wp\/v2\/pages\/1689#wpcf7-f5-o1\" method=\"post\" class=\"wpcf7-form init\" aria-label=\"Contact form\" novalidate=\"novalidate\" data-status=\"init\">\n<fieldset class=\"hidden-fields-container\"><input type=\"hidden\" name=\"_wpcf7\" value=\"5\" \/><input type=\"hidden\" name=\"_wpcf7_version\" value=\"6.1.5\" \/><input type=\"hidden\" name=\"_wpcf7_locale\" value=\"en_US\" \/><input type=\"hidden\" name=\"_wpcf7_unit_tag\" value=\"wpcf7-f5-o1\" \/><input type=\"hidden\" name=\"_wpcf7_container_post\" value=\"0\" \/><input type=\"hidden\" name=\"_wpcf7_posted_data_hash\" value=\"\" \/>\n<\/fieldset>\n<div class=\"contact-form\">\n\t<div class=\"row\">\n\t\t<div class=\"form-group col-sm-12 col-md-6\">\n\t\t\t<p><label class=\"label-control mb-10\" for=\"name\">Nombre*<\/label><br \/>\n<span class=\"wpcf7-form-control-wrap\" data-name=\"user-name\"><input size=\"40\" maxlength=\"400\" class=\"wpcf7-form-control wpcf7-text wpcf7-validates-as-required form-control-item\" id=\"name\" aria-required=\"true\" aria-invalid=\"false\" placeholder=\"\" value=\"\" type=\"text\" name=\"user-name\" \/><\/span>\n\t\t\t<\/p>\n\t\t<\/div>\n\t\t<div class=\"form-group col-sm-12 col-md-6\">\n\t\t\t<p><label class=\"label-control mb-10\" for=\"phone\">N\u00famero de celular<\/label><br \/>\n<span class=\"wpcf7-form-control-wrap\" data-name=\"phone-number\"><input size=\"40\" maxlength=\"400\" class=\"wpcf7-form-control wpcf7-text wpcf7-validates-as-required form-control-item\" id=\"phone\" aria-required=\"true\" aria-invalid=\"false\" placeholder=\"\" value=\"\" type=\"text\" name=\"phone-number\" \/><\/span>\n\t\t\t<\/p>\n\t\t<\/div>\n\t<\/div>\n\t<div class=\"row\">\n\t\t<div class=\"form-group col-sm-12 col-md-6\">\n\t\t\t<p><label class=\"label-control mb-10\" for=\"email\">Correo electr\u00f3nico*<\/label><br \/>\n<span class=\"wpcf7-form-control-wrap\" data-name=\"email\"><input size=\"40\" maxlength=\"400\" class=\"wpcf7-form-control wpcf7-email wpcf7-validates-as-required wpcf7-text wpcf7-validates-as-email form-control-item\" id=\"email\" aria-required=\"true\" aria-invalid=\"false\" placeholder=\"\" value=\"\" type=\"email\" name=\"email\" \/><\/span>\n\t\t\t<\/p>\n\t\t<\/div>\n\t\t<div class=\"form-group col-sm-12 col-md-6\">\n\t\t\t<p><label class=\"label-control mb-10\" for=\"subject\">Ciudad*<\/label><br \/>\n<span class=\"wpcf7-form-control-wrap\" data-name=\"subject\"><input size=\"40\" maxlength=\"400\" class=\"wpcf7-form-control wpcf7-text form-control-item\" id=\"subject\" aria-invalid=\"false\" placeholder=\"\" value=\"\" type=\"text\" name=\"subject\" \/><\/span>\n\t\t\t<\/p>\n\t\t<\/div>\n\t\t<div class=\"form-group col-sm-12 col-md-12\">\n\t\t\t<p><label class=\"label-control mb-10\" for=\"subject\">Seleccione el servicio de su interes*<\/label><br \/>\n<span class=\"wpcf7-form-control-wrap\" data-name=\"servicio\"><select class=\"wpcf7-form-control wpcf7-select wpcf7-validates-as-required\" aria-required=\"true\" aria-invalid=\"false\" name=\"servicio\"><option value=\"Aseo integral y cafeter\u00eda\">Aseo integral y cafeter\u00eda<\/option><option value=\"Mantenimiento de jardines y zonas verdes\">Mantenimiento de jardines y zonas verdes<\/option><option value=\"Salvamento acu\u00e1tico y mantenimiento de zonas h\u00famedas\">Salvamento acu\u00e1tico y mantenimiento de zonas h\u00famedas<\/option><option value=\"Servicios especiales\">Servicios especiales<\/option><option value=\"Mantenimiento b\u00e1sico de instalaciones\">Mantenimiento b\u00e1sico de instalaciones<\/option><option value=\"OTRO\">OTRO<\/option><\/select><\/span>\n\t\t\t<\/p>\n\t\t<\/div>\n\t<\/div>\n\t<div class=\"row\">\n\t\t<div class=\"form-group col-sm-12\">\n\t\t\t<p><label class=\"label-control mb-10\" for=\"message\">Por favor deje su Mensaje<\/label><br \/>\n<span class=\"wpcf7-form-control-wrap\" data-name=\"messages\"><textarea cols=\"40\" rows=\"10\" maxlength=\"2000\" class=\"wpcf7-form-control wpcf7-textarea wpcf7-validates-as-required form-control-item\" id=\"message\" aria-required=\"true\" aria-invalid=\"false\" placeholder=\"\" name=\"messages\"><\/textarea><\/span>\n\t\t\t<\/p>\n\t\t<\/div>\n\t<\/div>\n\t<div class=\"form-row\">\n\t\t<div class=\"form-group col-sm-12 text-center\">\n\t\t\t<p><button id=\"button-contacto\" class=\"submit-form bttn-1\"><span class=\"btn__text\">Env\u00edar<\/span> <i class=\"fa fa-paper-plane\"><\/i><\/button>\n\t\t\t<\/p>\n\t\t<\/div>\n\t<\/div>\n<\/div><div class=\"wpcf7-response-output\" aria-hidden=\"true\"><\/div>\n<\/form>\n<\/div>\n<\/div><\/div><\/div><\/div><\/div><\/section><\/p>\n","protected":false},"excerpt":{"rendered":"","protected":false},"author":2,"featured_media":0,"parent":0,"menu_order":0,"comment_status":"closed","ping_status":"closed","template":"","meta":{"footnotes":""},"class_list":["post-1689","page","type-page","status-publish","hentry"],"yoast_head":"<!-- This site is optimized with the Yoast SEO plugin v27.4 - https:\/\/yoast.com\/product\/yoast-seo-wordpress\/ -->\n<title>Oficinas, bodegas y aseo institucional - AseoServicios<\/title>\n<meta name=\"robots\" content=\"index, follow, max-snippet:-1, max-image-preview:large, max-video-preview:-1\" \/>\n<link rel=\"canonical\" href=\"https:\/\/www.aseoservicios.com\/sitio\/oficinas-bodegas-y-aseo-institucional\/\" \/>\n<meta property=\"og:locale\" content=\"es_ES\" \/>\n<meta property=\"og:type\" content=\"article\" \/>\n<meta property=\"og:title\" content=\"Oficinas, bodegas y aseo institucional - AseoServicios\" \/>\n<meta property=\"og:description\" content=\"M\u00e1s de 45 a\u00f1os de experiencia \u00a1Cont\u00e1ctanos ahora! \u00a1Hablar con asesor! Somos expertos Oficinas, bodegas y aseo institucional Mediante una planificaci\u00f3n detallada, nuestroobjetivo es crear entornos laborales agradables, limpios y seguros, cumpliendo con las regulaciones espec\u00edficas de cada \u00e1rea. Nuestra oferta de servicios incluye: Limpieza generalCafeter\u00eda M\u00e1s informaci\u00f3n \u00a1Estamos aqu\u00ed para ayudarte! Cont\u00e1ctanos ahora. Nombre* [&hellip;]\" \/>\n<meta property=\"og:url\" content=\"https:\/\/www.aseoservicios.com\/sitio\/oficinas-bodegas-y-aseo-institucional\/\" \/>\n<meta property=\"og:site_name\" content=\"AseoServicios\" \/>\n<meta property=\"article:publisher\" content=\"https:\/\/www.facebook.com\/osyacolombia\" \/>\n<meta property=\"article:modified_time\" content=\"2024-01-04T22:00:54+00:00\" \/>\n<meta property=\"og:image\" content=\"https:\/\/www.aseoservicios.com\/sitio\/wp-content\/uploads\/2024\/01\/bodemas-cuadrado-06.png\" \/>\n<meta name=\"twitter:card\" content=\"summary_large_image\" \/>\n<meta name=\"twitter:label1\" content=\"Tiempo de lectura\" \/>\n\t<meta name=\"twitter:data1\" content=\"1 minuto\" \/>\n<script type=\"application\/ld+json\" class=\"yoast-schema-graph\">{\"@context\":\"https:\\\/\\\/schema.org\",\"@graph\":[{\"@type\":\"WebPage\",\"@id\":\"https:\\\/\\\/www.aseoservicios.com\\\/sitio\\\/oficinas-bodegas-y-aseo-institucional\\\/\",\"url\":\"https:\\\/\\\/www.aseoservicios.com\\\/sitio\\\/oficinas-bodegas-y-aseo-institucional\\\/\",\"name\":\"Oficinas, bodegas y aseo institucional - AseoServicios\",\"isPartOf\":{\"@id\":\"https:\\\/\\\/www.aseoservicios.com\\\/sitio\\\/#website\"},\"primaryImageOfPage\":{\"@id\":\"https:\\\/\\\/www.aseoservicios.com\\\/sitio\\\/oficinas-bodegas-y-aseo-institucional\\\/#primaryimage\"},\"image\":{\"@id\":\"https:\\\/\\\/www.aseoservicios.com\\\/sitio\\\/oficinas-bodegas-y-aseo-institucional\\\/#primaryimage\"},\"thumbnailUrl\":\"https:\\\/\\\/www.aseoservicios.com\\\/sitio\\\/wp-content\\\/uploads\\\/2024\\\/01\\\/bodemas-cuadrado-06.png\",\"datePublished\":\"2024-01-04T16:46:10+00:00\",\"dateModified\":\"2024-01-04T22:00:54+00:00\",\"breadcrumb\":{\"@id\":\"https:\\\/\\\/www.aseoservicios.com\\\/sitio\\\/oficinas-bodegas-y-aseo-institucional\\\/#breadcrumb\"},\"inLanguage\":\"es\",\"potentialAction\":[{\"@type\":\"ReadAction\",\"target\":[\"https:\\\/\\\/www.aseoservicios.com\\\/sitio\\\/oficinas-bodegas-y-aseo-institucional\\\/\"]}]},{\"@type\":\"ImageObject\",\"inLanguage\":\"es\",\"@id\":\"https:\\\/\\\/www.aseoservicios.com\\\/sitio\\\/oficinas-bodegas-y-aseo-institucional\\\/#primaryimage\",\"url\":\"https:\\\/\\\/www.aseoservicios.com\\\/sitio\\\/wp-content\\\/uploads\\\/2024\\\/01\\\/bodemas-cuadrado-06.png\",\"contentUrl\":\"https:\\\/\\\/www.aseoservicios.com\\\/sitio\\\/wp-content\\\/uploads\\\/2024\\\/01\\\/bodemas-cuadrado-06.png\",\"width\":495,\"height\":447},{\"@type\":\"BreadcrumbList\",\"@id\":\"https:\\\/\\\/www.aseoservicios.com\\\/sitio\\\/oficinas-bodegas-y-aseo-institucional\\\/#breadcrumb\",\"itemListElement\":[{\"@type\":\"ListItem\",\"position\":1,\"name\":\"Portada\",\"item\":\"https:\\\/\\\/www.aseoservicios.com\\\/sitio\\\/\"},{\"@type\":\"ListItem\",\"position\":2,\"name\":\"Oficinas, bodegas y aseo institucional\"}]},{\"@type\":\"WebSite\",\"@id\":\"https:\\\/\\\/www.aseoservicios.com\\\/sitio\\\/#website\",\"url\":\"https:\\\/\\\/www.aseoservicios.com\\\/sitio\\\/\",\"name\":\"AseoServicios\",\"description\":\"Por nuestra experiencia y solidez econ&oacute;mica somos el aliado que su empresa necesita\",\"publisher\":{\"@id\":\"https:\\\/\\\/www.aseoservicios.com\\\/sitio\\\/#organization\"},\"potentialAction\":[{\"@type\":\"SearchAction\",\"target\":{\"@type\":\"EntryPoint\",\"urlTemplate\":\"https:\\\/\\\/www.aseoservicios.com\\\/sitio\\\/?s={search_term_string}\"},\"query-input\":{\"@type\":\"PropertyValueSpecification\",\"valueRequired\":true,\"valueName\":\"search_term_string\"}}],\"inLanguage\":\"es\"},{\"@type\":\"Organization\",\"@id\":\"https:\\\/\\\/www.aseoservicios.com\\\/sitio\\\/#organization\",\"name\":\"AseoServicios\",\"url\":\"https:\\\/\\\/www.aseoservicios.com\\\/sitio\\\/\",\"logo\":{\"@type\":\"ImageObject\",\"inLanguage\":\"es\",\"@id\":\"https:\\\/\\\/www.aseoservicios.com\\\/sitio\\\/#\\\/schema\\\/logo\\\/image\\\/\",\"url\":\"https:\\\/\\\/www.aseoservicios.com\\\/sitio\\\/wp-content\\\/uploads\\\/2023\\\/12\\\/cropped-logo-aseo-servicios-v2-1.png\",\"contentUrl\":\"https:\\\/\\\/www.aseoservicios.com\\\/sitio\\\/wp-content\\\/uploads\\\/2023\\\/12\\\/cropped-logo-aseo-servicios-v2-1.png\",\"width\":240,\"height\":73,\"caption\":\"AseoServicios\"},\"image\":{\"@id\":\"https:\\\/\\\/www.aseoservicios.com\\\/sitio\\\/#\\\/schema\\\/logo\\\/image\\\/\"},\"sameAs\":[\"https:\\\/\\\/www.facebook.com\\\/osyacolombia\",\"https:\\\/\\\/www.instagram.com\\\/osya.sas\\\/\",\"https:\\\/\\\/www.linkedin.com\\\/company\\\/37299504\\\/admin\\\/feed\\\/posts\\\/\"]}]}<\/script>\n<!-- \/ Yoast SEO plugin. -->","yoast_head_json":{"title":"Oficinas, bodegas y aseo institucional - AseoServicios","robots":{"index":"index","follow":"follow","max-snippet":"max-snippet:-1","max-image-preview":"max-image-preview:large","max-video-preview":"max-video-preview:-1"},"canonical":"https:\/\/www.aseoservicios.com\/sitio\/oficinas-bodegas-y-aseo-institucional\/","og_locale":"es_ES","og_type":"article","og_title":"Oficinas, bodegas y aseo institucional - AseoServicios","og_description":"M\u00e1s de 45 a\u00f1os de experiencia \u00a1Cont\u00e1ctanos ahora! \u00a1Hablar con asesor! Somos expertos Oficinas, bodegas y aseo institucional Mediante una planificaci\u00f3n detallada, nuestroobjetivo es crear entornos laborales agradables, limpios y seguros, cumpliendo con las regulaciones espec\u00edficas de cada \u00e1rea. Nuestra oferta de servicios incluye: Limpieza generalCafeter\u00eda M\u00e1s informaci\u00f3n \u00a1Estamos aqu\u00ed para ayudarte! Cont\u00e1ctanos ahora. Nombre* [&hellip;]","og_url":"https:\/\/www.aseoservicios.com\/sitio\/oficinas-bodegas-y-aseo-institucional\/","og_site_name":"AseoServicios","article_publisher":"https:\/\/www.facebook.com\/osyacolombia","article_modified_time":"2024-01-04T22:00:54+00:00","og_image":[{"url":"https:\/\/www.aseoservicios.com\/sitio\/wp-content\/uploads\/2024\/01\/bodemas-cuadrado-06.png","type":"","width":"","height":""}],"twitter_card":"summary_large_image","twitter_misc":{"Tiempo de lectura":"1 minuto"},"schema":{"@context":"https:\/\/schema.org","@graph":[{"@type":"WebPage","@id":"https:\/\/www.aseoservicios.com\/sitio\/oficinas-bodegas-y-aseo-institucional\/","url":"https:\/\/www.aseoservicios.com\/sitio\/oficinas-bodegas-y-aseo-institucional\/","name":"Oficinas, bodegas y aseo institucional - AseoServicios","isPartOf":{"@id":"https:\/\/www.aseoservicios.com\/sitio\/#website"},"primaryImageOfPage":{"@id":"https:\/\/www.aseoservicios.com\/sitio\/oficinas-bodegas-y-aseo-institucional\/#primaryimage"},"image":{"@id":"https:\/\/www.aseoservicios.com\/sitio\/oficinas-bodegas-y-aseo-institucional\/#primaryimage"},"thumbnailUrl":"https:\/\/www.aseoservicios.com\/sitio\/wp-content\/uploads\/2024\/01\/bodemas-cuadrado-06.png","datePublished":"2024-01-04T16:46:10+00:00","dateModified":"2024-01-04T22:00:54+00:00","breadcrumb":{"@id":"https:\/\/www.aseoservicios.com\/sitio\/oficinas-bodegas-y-aseo-institucional\/#breadcrumb"},"inLanguage":"es","potentialAction":[{"@type":"ReadAction","target":["https:\/\/www.aseoservicios.com\/sitio\/oficinas-bodegas-y-aseo-institucional\/"]}]},{"@type":"ImageObject","inLanguage":"es","@id":"https:\/\/www.aseoservicios.com\/sitio\/oficinas-bodegas-y-aseo-institucional\/#primaryimage","url":"https:\/\/www.aseoservicios.com\/sitio\/wp-content\/uploads\/2024\/01\/bodemas-cuadrado-06.png","contentUrl":"https:\/\/www.aseoservicios.com\/sitio\/wp-content\/uploads\/2024\/01\/bodemas-cuadrado-06.png","width":495,"height":447},{"@type":"BreadcrumbList","@id":"https:\/\/www.aseoservicios.com\/sitio\/oficinas-bodegas-y-aseo-institucional\/#breadcrumb","itemListElement":[{"@type":"ListItem","position":1,"name":"Portada","item":"https:\/\/www.aseoservicios.com\/sitio\/"},{"@type":"ListItem","position":2,"name":"Oficinas, bodegas y aseo institucional"}]},{"@type":"WebSite","@id":"https:\/\/www.aseoservicios.com\/sitio\/#website","url":"https:\/\/www.aseoservicios.com\/sitio\/","name":"AseoServicios","description":"Por nuestra experiencia y solidez econ&oacute;mica somos el aliado que su empresa necesita","publisher":{"@id":"https:\/\/www.aseoservicios.com\/sitio\/#organization"},"potentialAction":[{"@type":"SearchAction","target":{"@type":"EntryPoint","urlTemplate":"https:\/\/www.aseoservicios.com\/sitio\/?s={search_term_string}"},"query-input":{"@type":"PropertyValueSpecification","valueRequired":true,"valueName":"search_term_string"}}],"inLanguage":"es"},{"@type":"Organization","@id":"https:\/\/www.aseoservicios.com\/sitio\/#organization","name":"AseoServicios","url":"https:\/\/www.aseoservicios.com\/sitio\/","logo":{"@type":"ImageObject","inLanguage":"es","@id":"https:\/\/www.aseoservicios.com\/sitio\/#\/schema\/logo\/image\/","url":"https:\/\/www.aseoservicios.com\/sitio\/wp-content\/uploads\/2023\/12\/cropped-logo-aseo-servicios-v2-1.png","contentUrl":"https:\/\/www.aseoservicios.com\/sitio\/wp-content\/uploads\/2023\/12\/cropped-logo-aseo-servicios-v2-1.png","width":240,"height":73,"caption":"AseoServicios"},"image":{"@id":"https:\/\/www.aseoservicios.com\/sitio\/#\/schema\/logo\/image\/"},"sameAs":["https:\/\/www.facebook.com\/osyacolombia","https:\/\/www.instagram.com\/osya.sas\/","https:\/\/www.linkedin.com\/company\/37299504\/admin\/feed\/posts\/"]}]}},"_links":{"self":[{"href":"https:\/\/www.aseoservicios.com\/sitio\/wp-json\/wp\/v2\/pages\/1689","targetHints":{"allow":["GET"]}}],"collection":[{"href":"https:\/\/www.aseoservicios.com\/sitio\/wp-json\/wp\/v2\/pages"}],"about":[{"href":"https:\/\/www.aseoservicios.com\/sitio\/wp-json\/wp\/v2\/types\/page"}],"author":[{"embeddable":true,"href":"https:\/\/www.aseoservicios.com\/sitio\/wp-json\/wp\/v2\/users\/2"}],"replies":[{"embeddable":true,"href":"https:\/\/www.aseoservicios.com\/sitio\/wp-json\/wp\/v2\/comments?post=1689"}],"version-history":[{"count":6,"href":"https:\/\/www.aseoservicios.com\/sitio\/wp-json\/wp\/v2\/pages\/1689\/revisions"}],"predecessor-version":[{"id":1745,"href":"https:\/\/www.aseoservicios.com\/sitio\/wp-json\/wp\/v2\/pages\/1689\/revisions\/1745"}],"wp:attachment":[{"href":"https:\/\/www.aseoservicios.com\/sitio\/wp-json\/wp\/v2\/media?parent=1689"}],"curies":[{"name":"wp","href":"https:\/\/api.w.org\/{rel}","templated":true}]}}