{"id":899,"date":"2019-04-21T10:18:57","date_gmt":"2019-04-21T10:18:57","guid":{"rendered":"http:\/\/www.aseoservicios.com\/sitio\/?page_id=899"},"modified":"2023-12-18T19:23:25","modified_gmt":"2023-12-18T19:23:25","slug":"contact","status":"publish","type":"page","link":"https:\/\/www.aseoservicios.com\/sitio\/contact\/","title":{"rendered":"Contacto"},"content":{"rendered":"<p><section class=\"kc-elm kc-css-765080 kc_row\"><div class=\"kc-row-container  kc-container\"><div class=\"kc-wrap-columns\"><div class=\"kc-elm kc-css-702944 kc_col-sm-12 kc_column kc_col-sm-12\"><div class=\"kc-col-container\"><div class=\"kc-elm kc-css-35102\" style=\"height: 99px; clear: both; width:100%;\"><\/div><\/div><\/div><\/div><\/div><\/section><section class=\"kc-elm kc-css-151570 kc_row\"><div class=\"kc-row-container  kc-container\"><div class=\"kc-wrap-columns\"><div class=\"kc-elm kc-css-118699 kc_col-sm-12 kc_column kc_col-sm-12\"><div class=\"kc-col-container\">\n<div class=\"kc-elm kc-css-849640 kc-title-wrap \">\n\n\t<h2 class=\"kc_title\">Contacto<\/h2>\n<\/div>\n<\/div><\/div><\/div><\/div><\/section><section class=\"kc-elm kc-css-498356 kc_row\"><div class=\"kc-row-container  kc-container\"><div class=\"kc-wrap-columns\"><div class=\"kc-elm kc-css-699171 kc_col-sm-6 kc_column kc_col-sm-6\"><div class=\"kc-col-container\"><div class=\"kc-elm kc-css-753578 kc_shortcode kc_single_image\">\n\n        <img decoding=\"async\" src=\"https:\/\/www.aseoservicios.com\/sitio\/wp-content\/uploads\/2023\/12\/contac_form_1.jpg\" class=\"\" alt=\"\" \/>    <\/div>\n<\/div><\/div><div class=\"kc-elm kc-css-428680 kc_col-sm-6 kc_column kc_col-sm-6\"><div class=\"kc-col-container\"><div class=\"kc-elm kc-css-298235 kc-raw-code\">\n<div class=\"wpcf7 no-js\" id=\"wpcf7-f5-o1\" lang=\"en-US\" dir=\"ltr\" data-wpcf7-id=\"5\">\n<div class=\"screen-reader-response\"><p role=\"status\" aria-live=\"polite\" aria-atomic=\"true\"><\/p> <ul><\/ul><\/div>\n<form action=\"\/sitio\/wp-json\/wp\/v2\/pages\/899#wpcf7-f5-o1\" method=\"post\" class=\"wpcf7-form init\" aria-label=\"Contact form\" novalidate=\"novalidate\" data-status=\"init\">\n<fieldset class=\"hidden-fields-container\"><input type=\"hidden\" name=\"_wpcf7\" value=\"5\" \/><input type=\"hidden\" name=\"_wpcf7_version\" value=\"6.1.5\" \/><input type=\"hidden\" name=\"_wpcf7_locale\" value=\"en_US\" \/><input type=\"hidden\" name=\"_wpcf7_unit_tag\" value=\"wpcf7-f5-o1\" \/><input type=\"hidden\" name=\"_wpcf7_container_post\" value=\"0\" \/><input type=\"hidden\" name=\"_wpcf7_posted_data_hash\" value=\"\" \/>\n<\/fieldset>\n<div class=\"contact-form\">\n\t<div class=\"row\">\n\t\t<div class=\"form-group col-sm-12 col-md-6\">\n\t\t\t<p><label class=\"label-control mb-10\" for=\"name\">Nombre*<\/label><br \/>\n<span class=\"wpcf7-form-control-wrap\" data-name=\"user-name\"><input size=\"40\" maxlength=\"400\" class=\"wpcf7-form-control wpcf7-text wpcf7-validates-as-required form-control-item\" id=\"name\" aria-required=\"true\" aria-invalid=\"false\" placeholder=\"\" value=\"\" type=\"text\" name=\"user-name\" \/><\/span>\n\t\t\t<\/p>\n\t\t<\/div>\n\t\t<div class=\"form-group col-sm-12 col-md-6\">\n\t\t\t<p><label class=\"label-control mb-10\" for=\"phone\">N\u00famero de celular<\/label><br \/>\n<span class=\"wpcf7-form-control-wrap\" data-name=\"phone-number\"><input size=\"40\" maxlength=\"400\" class=\"wpcf7-form-control wpcf7-text wpcf7-validates-as-required form-control-item\" id=\"phone\" aria-required=\"true\" aria-invalid=\"false\" placeholder=\"\" value=\"\" type=\"text\" name=\"phone-number\" \/><\/span>\n\t\t\t<\/p>\n\t\t<\/div>\n\t<\/div>\n\t<div class=\"row\">\n\t\t<div class=\"form-group col-sm-12 col-md-6\">\n\t\t\t<p><label class=\"label-control mb-10\" for=\"email\">Correo electr\u00f3nico*<\/label><br \/>\n<span class=\"wpcf7-form-control-wrap\" data-name=\"email\"><input size=\"40\" maxlength=\"400\" class=\"wpcf7-form-control wpcf7-email wpcf7-validates-as-required wpcf7-text wpcf7-validates-as-email form-control-item\" id=\"email\" aria-required=\"true\" aria-invalid=\"false\" placeholder=\"\" value=\"\" type=\"email\" name=\"email\" \/><\/span>\n\t\t\t<\/p>\n\t\t<\/div>\n\t\t<div class=\"form-group col-sm-12 col-md-6\">\n\t\t\t<p><label class=\"label-control mb-10\" for=\"subject\">Ciudad*<\/label><br \/>\n<span class=\"wpcf7-form-control-wrap\" data-name=\"subject\"><input size=\"40\" maxlength=\"400\" class=\"wpcf7-form-control wpcf7-text form-control-item\" id=\"subject\" aria-invalid=\"false\" placeholder=\"\" value=\"\" type=\"text\" name=\"subject\" \/><\/span>\n\t\t\t<\/p>\n\t\t<\/div>\n\t\t<div class=\"form-group col-sm-12 col-md-12\">\n\t\t\t<p><label class=\"label-control mb-10\" for=\"subject\">Seleccione el servicio de su interes*<\/label><br \/>\n<span class=\"wpcf7-form-control-wrap\" data-name=\"servicio\"><select class=\"wpcf7-form-control wpcf7-select wpcf7-validates-as-required\" aria-required=\"true\" aria-invalid=\"false\" name=\"servicio\"><option value=\"Aseo integral y cafeter\u00eda\">Aseo integral y cafeter\u00eda<\/option><option value=\"Mantenimiento de jardines y zonas verdes\">Mantenimiento de jardines y zonas verdes<\/option><option value=\"Salvamento acu\u00e1tico y mantenimiento de zonas h\u00famedas\">Salvamento acu\u00e1tico y mantenimiento de zonas h\u00famedas<\/option><option value=\"Servicios especiales\">Servicios especiales<\/option><option value=\"Mantenimiento b\u00e1sico de instalaciones\">Mantenimiento b\u00e1sico de instalaciones<\/option><option value=\"OTRO\">OTRO<\/option><\/select><\/span>\n\t\t\t<\/p>\n\t\t<\/div>\n\t<\/div>\n\t<div class=\"row\">\n\t\t<div class=\"form-group col-sm-12\">\n\t\t\t<p><label class=\"label-control mb-10\" for=\"message\">Por favor deje su Mensaje<\/label><br \/>\n<span class=\"wpcf7-form-control-wrap\" data-name=\"messages\"><textarea cols=\"40\" rows=\"10\" maxlength=\"2000\" class=\"wpcf7-form-control wpcf7-textarea wpcf7-validates-as-required form-control-item\" id=\"message\" aria-required=\"true\" aria-invalid=\"false\" placeholder=\"\" name=\"messages\"><\/textarea><\/span>\n\t\t\t<\/p>\n\t\t<\/div>\n\t<\/div>\n\t<div class=\"form-row\">\n\t\t<div class=\"form-group col-sm-12 text-center\">\n\t\t\t<p><button id=\"button-contacto\" class=\"submit-form bttn-1\"><span class=\"btn__text\">Env\u00edar<\/span> <i class=\"fa fa-paper-plane\"><\/i><\/button>\n\t\t\t<\/p>\n\t\t<\/div>\n\t<\/div>\n<\/div><div class=\"wpcf7-response-output\" aria-hidden=\"true\"><\/div>\n<\/form>\n<\/div>\n<\/div><\/div><\/div><\/div><\/div><\/section><section class=\"kc-elm kc-css-844357 kc_row\"><div class=\"kc-row-container  kc-container\"><div class=\"kc-wrap-columns\"><div class=\"kc-elm kc-css-746209 kc_col-sm-3 kc_column kc_col-sm-3\"><div class=\"kc-col-container\"><div class=\"kc-elm kc-css-794994 kc_shortcode kc_single_image\">\n\n        <img decoding=\"async\" src=\"https:\/\/www.aseoservicios.com\/sitio\/wp-content\/uploads\/2023\/07\/qrcode_69712874_ae06ea082f7145d21e18d68875f948fa.png\" class=\"\" alt=\"\" \/>    <\/div>\n<\/div><\/div><div class=\"kc-elm kc-css-679956 kc_col-sm-9 kc_column kc_col-sm-9\"><div class=\"kc-col-container\"><div class=\"kc-elm kc-css-223156 kc_box_wrap \"><div><div class=\"one-one\"><h1><span style=\"color: #0277b1;\"><text>Cont\u00e1ctenos<\/text><\/span><\/h1><p>&nbsp;<\/p><\/div><\/div><div><div class=\"one-one\"><h3><text>aseoservicios@serviciosyasesorias.com<\/text><\/h3>\n<h3><text>serviciosespeciales@serviciosyaseosorias.com<\/text><\/h3><\/div><\/div><h4><strong><text>304 669 3844&nbsp; &nbsp; &nbsp;302 271 1775<\/text><\/strong><\/h4><\/div><\/div><\/div><\/div><\/div><\/section><section class=\"kc-elm kc-css-954323 kc_row\"><div class=\"kc-row-container  kc-container\"><div class=\"kc-wrap-columns\"><div class=\"kc-elm kc-css-612559 kc_col-sm-12 kc_column kc_col-sm-12\"><div class=\"kc-col-container\"><div class=\"kc-elm kc-css-952275\" style=\"height: 99px; clear: both; width:100%;\"><\/div><\/div><\/div><\/div><\/div><\/section><section class=\"kc-elm kc-css-671959 kc_row\"><div class=\"kc-row-container  kc-container\"><div class=\"kc-wrap-columns\"><div class=\"kc-elm kc-css-765649 kc_col-sm-4 kc_column kc_col-sm-4\"><div class=\"kc-col-container\"><div class=\"kc-elm kc-css-52509 kc_box_wrap \"><div><div class=\"one-one\"><h3><span style=\"color: #0277b1;\"><text>Bucaramanga<\/text><\/span><\/h3><div class=\"card-office\"><text>Carrera 37 No. 51-109<\/text><\/div><div class=\"card-office\"><text>Barrio Cabecera<\/text><\/div><\/div><\/div><\/div><\/div><\/div><div class=\"kc-elm kc-css-787570 kc_col-sm-4 kc_column kc_col-sm-4\"><div class=\"kc-col-container\"><div class=\"kc-elm kc-css-681484 kc_box_wrap \"><div><div class=\"one-one\"><h3><span style=\"color: #0277b1;\"><text>Barranquilla<\/text><\/span><\/h3><div class=\"card-office\"><text>Carrera 54 No. 72-147<\/text><\/div><div class=\"card-office\"><text>C.C. Bulevar 54-&nbsp; Oficina 205<\/text><\/div><\/div><\/div><\/div><\/div><\/div><div class=\"kc-elm kc-css-204498 kc_col-sm-4 kc_column kc_col-sm-4\"><div class=\"kc-col-container\"><div class=\"kc-elm kc-css-622906 kc_box_wrap \"><div><div class=\"one-one\"><h3><span style=\"color: #0277b1;\"><text>Bogot\u00e1<\/text><\/span><\/h3><div class=\"card-office\"><text>Avenida Cra 9 No. 104a -38<\/text><\/div><div class=\"card-office\"><text>Barrio Rinc\u00f3n del Chic\u00f3<\/text><\/div><\/div><\/div><\/div><\/div><\/div><\/div><\/div><\/section><section class=\"kc-elm kc-css-718733 kc_row\"><div class=\"kc-row-container  kc-container\"><div class=\"kc-wrap-columns\"><div class=\"kc-elm kc-css-290416 kc_col-sm-12 kc_column kc_col-sm-12\"><div class=\"kc-col-container\"><div class=\"kc-elm kc-css-249599\" style=\"height: 99px; clear: both; width:100%;\"><\/div><\/div><\/div><\/div><\/div><\/section><section class=\"kc-elm kc-css-96665 kc_row\"><div class=\"kc-row-container  kc-container\"><div class=\"kc-wrap-columns\"><div class=\"kc-elm kc-css-513065 kc_col-sm-4 kc_column kc_col-sm-4\"><div class=\"kc-col-container\"><div class=\"kc-elm kc-css-735612 kc_box_wrap \"><div><div class=\"one-one\"><h3><span style=\"color: #0277b1;\"><text>Cali<\/text><\/span><\/h3><div class=\"card-office\"><text>Calle 22 Norte No. 9-63<\/text><\/div><div class=\"card-office\"><text>Santa M\u00f3nica Residencial<\/text><\/div><\/div><\/div><\/div><\/div><\/div><div class=\"kc-elm kc-css-419330 kc_col-sm-4 kc_column kc_col-sm-4\"><div class=\"kc-col-container\"><div class=\"kc-elm kc-css-418090 kc_box_wrap \"><div><div class=\"one-one\"><h3><span style=\"color: #0277b1;\"><text>Medell\u00edn<\/text><\/span><\/h3><div class=\"card-office\"><text>Transversal 5A No. 45-236<\/text><\/div><div class=\"card-office\"><text>Barrio Patio Bonito Poblado<\/text><\/div><\/div><\/div><\/div><\/div><\/div><div class=\"kc-elm kc-css-296823 kc_col-sm-4 kc_column kc_col-sm-4\"><div class=\"kc-col-container\"><div class=\"kc-elm kc-css-903167 kc_box_wrap \"><div><div class=\"one-one\"><h3><span style=\"color: #0277b1;\"><text>C\u00facuta<\/text><\/span><\/h3><div class=\"card-office\"><text>Calle 10 No. 6E - 70<\/text><\/div><div class=\"card-office\"><text>Barrio La Rivera<\/text><\/div><\/div><\/div><\/div><\/div><\/div><\/div><\/div><\/section><section class=\"kc-elm kc-css-634676 kc_row\"><div class=\"kc-row-container  kc-container\"><div class=\"kc-wrap-columns\"><div class=\"kc-elm kc-css-248815 kc_col-sm-12 kc_column kc_col-sm-12\"><div class=\"kc-col-container\"><div class=\"kc-elm kc-css-555433\" style=\"height: 99px; clear: both; width:100%;\"><\/div><\/div><\/div><\/div><\/div><\/section><section class=\"kc-elm kc-css-387513 kc_row\"><div class=\"kc-row-container  kc-container\"><div class=\"kc-wrap-columns\"><div class=\"kc-elm kc-css-616285 kc_col-sm-12 kc_column kc_col-sm-12\"><div class=\"kc-col-container\"><div class=\"kc-elm kc-css-971720 kc_google_maps kc_shortcode\"><div style=\"height: 600px\" class=\"kc-google-maps\"><iframe loading=\"lazy\" src=\"https:\/\/www.google.com\/maps\/d\/embed?mid=1WYSsQsoJAC99I113LB65E0BEQKRPNgM&ehbc=2E312F\"  width=\"100%\" height=\"600\" ><\/iframe><\/div><\/div><\/div><\/div><\/div><\/div><\/section><section class=\"kc-elm kc-css-3308 kc_row\"><div class=\"kc-row-container  kc-container\"><div class=\"kc-wrap-columns\"><div class=\"kc-elm kc-css-983059 kc_col-sm-12 kc_column kc_col-sm-12\"><div class=\"kc-col-container\"><div class=\"kc-elm kc-css-136427\" style=\"height: 99px; clear: both; width:100%;\"><\/div><\/div><\/div><\/div><\/div><\/section><\/p>\n","protected":false},"excerpt":{"rendered":"","protected":false},"author":1,"featured_media":0,"parent":0,"menu_order":0,"comment_status":"closed","ping_status":"closed","template":"","meta":{"footnotes":""},"class_list":["post-899","page","type-page","status-publish","hentry"],"yoast_head":"<!-- This site is optimized with the Yoast SEO plugin v27.5 - https:\/\/yoast.com\/product\/yoast-seo-wordpress\/ -->\n<title>Contacto - AseoServicios<\/title>\n<meta name=\"robots\" content=\"index, follow, max-snippet:-1, max-image-preview:large, max-video-preview:-1\" \/>\n<link rel=\"canonical\" href=\"https:\/\/www.aseoservicios.com\/sitio\/contact\/\" \/>\n<meta property=\"og:locale\" content=\"es_ES\" \/>\n<meta property=\"og:type\" content=\"article\" \/>\n<meta property=\"og:title\" content=\"Contacto - AseoServicios\" \/>\n<meta property=\"og:description\" content=\"Contacto Nombre* N\u00famero de celular Correo electr\u00f3nico* Asunto* Seleccione el servicio de su interes* Aseo integral y cafeter\u00edaMantenimiento de jardines y zonas verdesSalvamento acu\u00e1tico y mantenimiento de zonas h\u00famedasServicios especialesMantenimiento b\u00e1sico de instalaciones Su Mensaje Env\u00edar Cont\u00e1ctenos &nbsp; aseoservicios@serviciosyasesorias.com serviciosespeciales@serviciosyaseosorias.com 304 669 3844&nbsp; &nbsp; &nbsp;302 271 1775 Bucaramanga Carrera 37 No. 51-109 Barrio Cabecera Barranquilla [&hellip;]\" \/>\n<meta property=\"og:url\" content=\"https:\/\/www.aseoservicios.com\/sitio\/contact\/\" \/>\n<meta property=\"og:site_name\" content=\"AseoServicios\" \/>\n<meta property=\"article:publisher\" content=\"https:\/\/www.facebook.com\/osyacolombia\" \/>\n<meta property=\"article:modified_time\" content=\"2023-12-18T19:23:25+00:00\" \/>\n<meta property=\"og:image\" content=\"https:\/\/www.aseoservicios.com\/sitio\/wp-content\/uploads\/2023\/12\/contac_form_1.jpg\" \/>\n<meta name=\"twitter:card\" content=\"summary_large_image\" \/>\n<meta name=\"twitter:label1\" content=\"Tiempo de lectura\" \/>\n\t<meta name=\"twitter:data1\" content=\"1 minuto\" \/>\n<script type=\"application\/ld+json\" class=\"yoast-schema-graph\">{\"@context\":\"https:\\\/\\\/schema.org\",\"@graph\":[{\"@type\":\"WebPage\",\"@id\":\"https:\\\/\\\/www.aseoservicios.com\\\/sitio\\\/contact\\\/\",\"url\":\"https:\\\/\\\/www.aseoservicios.com\\\/sitio\\\/contact\\\/\",\"name\":\"Contacto - AseoServicios\",\"isPartOf\":{\"@id\":\"https:\\\/\\\/www.aseoservicios.com\\\/sitio\\\/#website\"},\"primaryImageOfPage\":{\"@id\":\"https:\\\/\\\/www.aseoservicios.com\\\/sitio\\\/contact\\\/#primaryimage\"},\"image\":{\"@id\":\"https:\\\/\\\/www.aseoservicios.com\\\/sitio\\\/contact\\\/#primaryimage\"},\"thumbnailUrl\":\"https:\\\/\\\/www.aseoservicios.com\\\/sitio\\\/wp-content\\\/uploads\\\/2023\\\/12\\\/contac_form_1.jpg\",\"datePublished\":\"2019-04-21T10:18:57+00:00\",\"dateModified\":\"2023-12-18T19:23:25+00:00\",\"breadcrumb\":{\"@id\":\"https:\\\/\\\/www.aseoservicios.com\\\/sitio\\\/contact\\\/#breadcrumb\"},\"inLanguage\":\"es\",\"potentialAction\":[{\"@type\":\"ReadAction\",\"target\":[\"https:\\\/\\\/www.aseoservicios.com\\\/sitio\\\/contact\\\/\"]}]},{\"@type\":\"ImageObject\",\"inLanguage\":\"es\",\"@id\":\"https:\\\/\\\/www.aseoservicios.com\\\/sitio\\\/contact\\\/#primaryimage\",\"url\":\"https:\\\/\\\/www.aseoservicios.com\\\/sitio\\\/wp-content\\\/uploads\\\/2023\\\/12\\\/contac_form_1.jpg\",\"contentUrl\":\"https:\\\/\\\/www.aseoservicios.com\\\/sitio\\\/wp-content\\\/uploads\\\/2023\\\/12\\\/contac_form_1.jpg\",\"width\":495,\"height\":447},{\"@type\":\"BreadcrumbList\",\"@id\":\"https:\\\/\\\/www.aseoservicios.com\\\/sitio\\\/contact\\\/#breadcrumb\",\"itemListElement\":[{\"@type\":\"ListItem\",\"position\":1,\"name\":\"Portada\",\"item\":\"https:\\\/\\\/www.aseoservicios.com\\\/sitio\\\/\"},{\"@type\":\"ListItem\",\"position\":2,\"name\":\"Contacto\"}]},{\"@type\":\"WebSite\",\"@id\":\"https:\\\/\\\/www.aseoservicios.com\\\/sitio\\\/#website\",\"url\":\"https:\\\/\\\/www.aseoservicios.com\\\/sitio\\\/\",\"name\":\"AseoServicios\",\"description\":\"Por nuestra experiencia y solidez econ&oacute;mica somos el aliado que su empresa necesita\",\"publisher\":{\"@id\":\"https:\\\/\\\/www.aseoservicios.com\\\/sitio\\\/#organization\"},\"potentialAction\":[{\"@type\":\"SearchAction\",\"target\":{\"@type\":\"EntryPoint\",\"urlTemplate\":\"https:\\\/\\\/www.aseoservicios.com\\\/sitio\\\/?s={search_term_string}\"},\"query-input\":{\"@type\":\"PropertyValueSpecification\",\"valueRequired\":true,\"valueName\":\"search_term_string\"}}],\"inLanguage\":\"es\"},{\"@type\":\"Organization\",\"@id\":\"https:\\\/\\\/www.aseoservicios.com\\\/sitio\\\/#organization\",\"name\":\"AseoServicios\",\"url\":\"https:\\\/\\\/www.aseoservicios.com\\\/sitio\\\/\",\"logo\":{\"@type\":\"ImageObject\",\"inLanguage\":\"es\",\"@id\":\"https:\\\/\\\/www.aseoservicios.com\\\/sitio\\\/#\\\/schema\\\/logo\\\/image\\\/\",\"url\":\"https:\\\/\\\/www.aseoservicios.com\\\/sitio\\\/wp-content\\\/uploads\\\/2023\\\/12\\\/cropped-logo-aseo-servicios-v2-1.png\",\"contentUrl\":\"https:\\\/\\\/www.aseoservicios.com\\\/sitio\\\/wp-content\\\/uploads\\\/2023\\\/12\\\/cropped-logo-aseo-servicios-v2-1.png\",\"width\":240,\"height\":73,\"caption\":\"AseoServicios\"},\"image\":{\"@id\":\"https:\\\/\\\/www.aseoservicios.com\\\/sitio\\\/#\\\/schema\\\/logo\\\/image\\\/\"},\"sameAs\":[\"https:\\\/\\\/www.facebook.com\\\/osyacolombia\",\"https:\\\/\\\/www.instagram.com\\\/osya.sas\\\/\",\"https:\\\/\\\/www.linkedin.com\\\/company\\\/37299504\\\/admin\\\/feed\\\/posts\\\/\"]}]}<\/script>\n<!-- \/ Yoast SEO plugin. -->","yoast_head_json":{"title":"Contacto - AseoServicios","robots":{"index":"index","follow":"follow","max-snippet":"max-snippet:-1","max-image-preview":"max-image-preview:large","max-video-preview":"max-video-preview:-1"},"canonical":"https:\/\/www.aseoservicios.com\/sitio\/contact\/","og_locale":"es_ES","og_type":"article","og_title":"Contacto - AseoServicios","og_description":"Contacto Nombre* N\u00famero de celular Correo electr\u00f3nico* Asunto* Seleccione el servicio de su interes* Aseo integral y cafeter\u00edaMantenimiento de jardines y zonas verdesSalvamento acu\u00e1tico y mantenimiento de zonas h\u00famedasServicios especialesMantenimiento b\u00e1sico de instalaciones Su Mensaje Env\u00edar Cont\u00e1ctenos &nbsp; aseoservicios@serviciosyasesorias.com serviciosespeciales@serviciosyaseosorias.com 304 669 3844&nbsp; &nbsp; &nbsp;302 271 1775 Bucaramanga Carrera 37 No. 51-109 Barrio Cabecera Barranquilla [&hellip;]","og_url":"https:\/\/www.aseoservicios.com\/sitio\/contact\/","og_site_name":"AseoServicios","article_publisher":"https:\/\/www.facebook.com\/osyacolombia","article_modified_time":"2023-12-18T19:23:25+00:00","og_image":[{"url":"https:\/\/www.aseoservicios.com\/sitio\/wp-content\/uploads\/2023\/12\/contac_form_1.jpg","type":"","width":"","height":""}],"twitter_card":"summary_large_image","twitter_misc":{"Tiempo de lectura":"1 minuto"},"schema":{"@context":"https:\/\/schema.org","@graph":[{"@type":"WebPage","@id":"https:\/\/www.aseoservicios.com\/sitio\/contact\/","url":"https:\/\/www.aseoservicios.com\/sitio\/contact\/","name":"Contacto - AseoServicios","isPartOf":{"@id":"https:\/\/www.aseoservicios.com\/sitio\/#website"},"primaryImageOfPage":{"@id":"https:\/\/www.aseoservicios.com\/sitio\/contact\/#primaryimage"},"image":{"@id":"https:\/\/www.aseoservicios.com\/sitio\/contact\/#primaryimage"},"thumbnailUrl":"https:\/\/www.aseoservicios.com\/sitio\/wp-content\/uploads\/2023\/12\/contac_form_1.jpg","datePublished":"2019-04-21T10:18:57+00:00","dateModified":"2023-12-18T19:23:25+00:00","breadcrumb":{"@id":"https:\/\/www.aseoservicios.com\/sitio\/contact\/#breadcrumb"},"inLanguage":"es","potentialAction":[{"@type":"ReadAction","target":["https:\/\/www.aseoservicios.com\/sitio\/contact\/"]}]},{"@type":"ImageObject","inLanguage":"es","@id":"https:\/\/www.aseoservicios.com\/sitio\/contact\/#primaryimage","url":"https:\/\/www.aseoservicios.com\/sitio\/wp-content\/uploads\/2023\/12\/contac_form_1.jpg","contentUrl":"https:\/\/www.aseoservicios.com\/sitio\/wp-content\/uploads\/2023\/12\/contac_form_1.jpg","width":495,"height":447},{"@type":"BreadcrumbList","@id":"https:\/\/www.aseoservicios.com\/sitio\/contact\/#breadcrumb","itemListElement":[{"@type":"ListItem","position":1,"name":"Portada","item":"https:\/\/www.aseoservicios.com\/sitio\/"},{"@type":"ListItem","position":2,"name":"Contacto"}]},{"@type":"WebSite","@id":"https:\/\/www.aseoservicios.com\/sitio\/#website","url":"https:\/\/www.aseoservicios.com\/sitio\/","name":"AseoServicios","description":"Por nuestra experiencia y solidez econ&oacute;mica somos el aliado que su empresa necesita","publisher":{"@id":"https:\/\/www.aseoservicios.com\/sitio\/#organization"},"potentialAction":[{"@type":"SearchAction","target":{"@type":"EntryPoint","urlTemplate":"https:\/\/www.aseoservicios.com\/sitio\/?s={search_term_string}"},"query-input":{"@type":"PropertyValueSpecification","valueRequired":true,"valueName":"search_term_string"}}],"inLanguage":"es"},{"@type":"Organization","@id":"https:\/\/www.aseoservicios.com\/sitio\/#organization","name":"AseoServicios","url":"https:\/\/www.aseoservicios.com\/sitio\/","logo":{"@type":"ImageObject","inLanguage":"es","@id":"https:\/\/www.aseoservicios.com\/sitio\/#\/schema\/logo\/image\/","url":"https:\/\/www.aseoservicios.com\/sitio\/wp-content\/uploads\/2023\/12\/cropped-logo-aseo-servicios-v2-1.png","contentUrl":"https:\/\/www.aseoservicios.com\/sitio\/wp-content\/uploads\/2023\/12\/cropped-logo-aseo-servicios-v2-1.png","width":240,"height":73,"caption":"AseoServicios"},"image":{"@id":"https:\/\/www.aseoservicios.com\/sitio\/#\/schema\/logo\/image\/"},"sameAs":["https:\/\/www.facebook.com\/osyacolombia","https:\/\/www.instagram.com\/osya.sas\/","https:\/\/www.linkedin.com\/company\/37299504\/admin\/feed\/posts\/"]}]}},"_links":{"self":[{"href":"https:\/\/www.aseoservicios.com\/sitio\/wp-json\/wp\/v2\/pages\/899","targetHints":{"allow":["GET"]}}],"collection":[{"href":"https:\/\/www.aseoservicios.com\/sitio\/wp-json\/wp\/v2\/pages"}],"about":[{"href":"https:\/\/www.aseoservicios.com\/sitio\/wp-json\/wp\/v2\/types\/page"}],"author":[{"embeddable":true,"href":"https:\/\/www.aseoservicios.com\/sitio\/wp-json\/wp\/v2\/users\/1"}],"replies":[{"embeddable":true,"href":"https:\/\/www.aseoservicios.com\/sitio\/wp-json\/wp\/v2\/comments?post=899"}],"version-history":[{"count":16,"href":"https:\/\/www.aseoservicios.com\/sitio\/wp-json\/wp\/v2\/pages\/899\/revisions"}],"predecessor-version":[{"id":1645,"href":"https:\/\/www.aseoservicios.com\/sitio\/wp-json\/wp\/v2\/pages\/899\/revisions\/1645"}],"wp:attachment":[{"href":"https:\/\/www.aseoservicios.com\/sitio\/wp-json\/wp\/v2\/media?parent=899"}],"curies":[{"name":"wp","href":"https:\/\/api.w.org\/{rel}","templated":true}]}}